{"id":23018,"date":"2024-04-24T08:44:32","date_gmt":"2024-04-24T08:44:32","guid":{"rendered":"https:\/\/enipau.ro\/produs\/uncategorized\/tilleul-bois-exotique-e23\/"},"modified":"2024-04-24T08:44:32","modified_gmt":"2024-04-24T08:44:32","slug":"tilleul-bois-exotique-e23","status":"publish","type":"product","link":"https:\/\/enipau.ro\/fr\/produit\/lambris-exterieur\/tilleul-bois-exotique-e23\/","title":{"rendered":"Tilleul bois exotique E23"},"content":{"rendered":"<p>Le bois exotique du tilleul europ\u00e9en est assez rare, car en g\u00e9n\u00e9ral, le tilleul est associ\u00e9 \u00e0 des esp\u00e8ces originaires d&#8217;Europe et d&#8217;Am\u00e9rique du Nord. Toutefois, certaines esp\u00e8ces de tilleul poussant dans les r\u00e9gions tropicales peuvent \u00eatre consid\u00e9r\u00e9es comme exotiques. Les propri\u00e9t\u00e9s de toutes les esp\u00e8ces de bois, quelle que soit l&#8217;essence, sont similaires \u00e0 celles des esp\u00e8ces traditionnelles de lin. C&#8217;est un bois facile \u00e0 travailler, avec une texture lisse et r\u00e9guli\u00e8re, ce qui le rend id\u00e9al pour les projets qui n\u00e9cessitent des d\u00e9tails fins. Il pr\u00e9sente \u00e9galement une r\u00e9sistance moyenne \u00e0 la pourriture et aux parasites, ce qui le rend adapt\u00e9 aux rev\u00eatements int\u00e9rieurs et ext\u00e9rieurs.<\/p>\n","protected":false},"excerpt":{"rendered":"<p>Le bois exotique du tilleul europ\u00e9en est assez rare, car en g\u00e9n\u00e9ral, le tilleul est associ\u00e9 \u00e0 des esp\u00e8ces originaires &hellip; <a href=\"https:\/\/enipau.ro\/fr\/produit\/lambris-exterieur\/tilleul-bois-exotique-e23\/\">Continued<\/a><\/p>\n","protected":false},"featured_media":23024,"comment_status":"closed","ping_status":"closed","template":"","meta":{"_acf_changed":false},"product_brand":[],"product_cat":[1954,1923],"product_tag":[],"class_list":{"0":"post-23018","1":"product","2":"type-product","3":"status-publish","4":"has-post-thumbnail","6":"product_cat-facades-en-bois-exotique","7":"product_cat-lambris-exterieur","9":"first","10":"instock","11":"taxable","12":"shipping-taxable","13":"purchasable","14":"product-type-variable"},"acf":[],"_links":{"self":[{"href":"https:\/\/enipau.ro\/fr\/wp-json\/wp\/v2\/product\/23018","targetHints":{"allow":["GET"]}}],"collection":[{"href":"https:\/\/enipau.ro\/fr\/wp-json\/wp\/v2\/product"}],"about":[{"href":"https:\/\/enipau.ro\/fr\/wp-json\/wp\/v2\/types\/product"}],"replies":[{"embeddable":true,"href":"https:\/\/enipau.ro\/fr\/wp-json\/wp\/v2\/comments?post=23018"}],"wp:featuredmedia":[{"embeddable":true,"href":"https:\/\/enipau.ro\/fr\/wp-json\/wp\/v2\/media\/23024"}],"wp:attachment":[{"href":"https:\/\/enipau.ro\/fr\/wp-json\/wp\/v2\/media?parent=23018"}],"wp:term":[{"taxonomy":"product_brand","embeddable":true,"href":"https:\/\/enipau.ro\/fr\/wp-json\/wp\/v2\/product_brand?post=23018"},{"taxonomy":"product_cat","embeddable":true,"href":"https:\/\/enipau.ro\/fr\/wp-json\/wp\/v2\/product_cat?post=23018"},{"taxonomy":"product_tag","embeddable":true,"href":"https:\/\/enipau.ro\/fr\/wp-json\/wp\/v2\/product_tag?post=23018"}],"curies":[{"name":"wp","href":"https:\/\/api.w.org\/{rel}","templated":true}]}}