{"id":23040,"date":"2024-04-24T08:58:44","date_gmt":"2024-04-24T08:58:44","guid":{"rendered":"https:\/\/enipau.ro\/produs\/uncategorized\/ayous-bois-thermo-e28\/"},"modified":"2024-04-24T08:58:44","modified_gmt":"2024-04-24T08:58:44","slug":"ayous-bois-thermo-e28","status":"publish","type":"product","link":"https:\/\/enipau.ro\/fr\/produit\/lambris-exterieur\/ayous-bois-thermo-e28\/","title":{"rendered":"Ayous Bois Thermo E28"},"content":{"rendered":"<p>Le bois exotique Ayous Thermo d\u00e9signe le bois d&#8217;Ayous ayant subi un traitement thermique. Le bois d&#8217;Ayous, \u00e9galement connu sous le nom d&#8217;obeche, est originaire d&#8217;Afrique de l&#8217;Ouest, notamment du Ghana, de la C\u00f4te d&#8217;Ivoire et du Cameroun. Il est appr\u00e9ci\u00e9 pour sa facilit\u00e9 \u00e0 \u00eatre travaill\u00e9 et son aspect uniforme et sans n\u0153uds.  <\/p>\n<p>L&#8217;exposition \u00e0 des temp\u00e9ratures \u00e9lev\u00e9es modifie la structure chimique du bois, am\u00e9liorant ainsi sa r\u00e9sistance \u00e0 la pourriture, aux insectes et \u00e0 l&#8217;humidit\u00e9. Le traitement thermique peut \u00e9galement modifier la couleur du bois, en lui donnant une teinte plus fonc\u00e9e et plus uniforme. Le bois Ayous Thermo pr\u00e9sente des propri\u00e9t\u00e9s de durabilit\u00e9 et de stabilit\u00e9 dimensionnelle am\u00e9lior\u00e9es gr\u00e2ce au processus de traitement thermique. Il peut \u00eatre utilis\u00e9 dans une vari\u00e9t\u00e9 d&#8217;applications, notamment dans la construction, le bardage, les planchers, les panneaux d\u00e9coratifs, etc.<\/p>\n","protected":false},"excerpt":{"rendered":"<p>Le bois exotique Ayous Thermo d\u00e9signe le bois d&#8217;Ayous ayant subi un traitement thermique. Le bois d&#8217;Ayous, \u00e9galement connu sous &hellip; <a href=\"https:\/\/enipau.ro\/fr\/produit\/lambris-exterieur\/ayous-bois-thermo-e28\/\">Continued<\/a><\/p>\n","protected":false},"featured_media":23043,"comment_status":"closed","ping_status":"closed","template":"","meta":{"_acf_changed":false},"product_brand":[],"product_cat":[1964,1954,1923],"product_tag":[],"class_list":{"0":"post-23040","1":"product","2":"type-product","3":"status-publish","4":"has-post-thumbnail","6":"product_cat-bois-dayous-obeche","7":"product_cat-facades-en-bois-exotique","8":"product_cat-lambris-exterieur","10":"first","11":"instock","12":"taxable","13":"shipping-taxable","14":"purchasable","15":"product-type-variable"},"acf":[],"_links":{"self":[{"href":"https:\/\/enipau.ro\/fr\/wp-json\/wp\/v2\/product\/23040","targetHints":{"allow":["GET"]}}],"collection":[{"href":"https:\/\/enipau.ro\/fr\/wp-json\/wp\/v2\/product"}],"about":[{"href":"https:\/\/enipau.ro\/fr\/wp-json\/wp\/v2\/types\/product"}],"replies":[{"embeddable":true,"href":"https:\/\/enipau.ro\/fr\/wp-json\/wp\/v2\/comments?post=23040"}],"wp:featuredmedia":[{"embeddable":true,"href":"https:\/\/enipau.ro\/fr\/wp-json\/wp\/v2\/media\/23043"}],"wp:attachment":[{"href":"https:\/\/enipau.ro\/fr\/wp-json\/wp\/v2\/media?parent=23040"}],"wp:term":[{"taxonomy":"product_brand","embeddable":true,"href":"https:\/\/enipau.ro\/fr\/wp-json\/wp\/v2\/product_brand?post=23040"},{"taxonomy":"product_cat","embeddable":true,"href":"https:\/\/enipau.ro\/fr\/wp-json\/wp\/v2\/product_cat?post=23040"},{"taxonomy":"product_tag","embeddable":true,"href":"https:\/\/enipau.ro\/fr\/wp-json\/wp\/v2\/product_tag?post=23040"}],"curies":[{"name":"wp","href":"https:\/\/api.w.org\/{rel}","templated":true}]}}