{"id":23147,"date":"2023-07-16T17:57:24","date_gmt":"2023-07-16T17:57:24","guid":{"rendered":"https:\/\/enipau.ro\/produs\/uncategorized\/lambris-brule-a6\/"},"modified":"2023-07-16T17:57:24","modified_gmt":"2023-07-16T17:57:24","slug":"lambris-brule-a6","status":"publish","type":"product","link":"https:\/\/enipau.ro\/fr\/produit\/lambris-exterieur\/lambris-brule-a6\/","title":{"rendered":"Lambris br\u00fbl\u00e9 A6"},"content":{"rendered":"","protected":false},"excerpt":{"rendered":"<p>Il s&#8217;agit d&#8217;un type de bois qui est br\u00fbl\u00e9 en profondeur puis trait\u00e9 thermiquement. Apr\u00e8s ces op\u00e9rations, le produit est recouvert d&#8217;une couche de cire, sp\u00e9cialement con\u00e7ue pour la protection contre les intemp\u00e9ries.  Ce qui rend ce type de bois si beau, c&#8217;est que, m\u00eame s&#8217;il subit le processus de combustion, la suie est compl\u00e8tement d\u00e9tremp\u00e9e par le traitement. Ainsi, les lambris br\u00fbl\u00e9s peuvent \u00eatre utilis\u00e9s avec certitude aussi bien \u00e0 l&#8217;int\u00e9rieur qu&#8217;\u00e0 l&#8217;ext\u00e9rieur de votre maison, offrant un aspect unique et particulier. <\/p>\n<p>Ce type de bois br\u00fbl\u00e9 est excellent pour les maisons modernes ou les chalets, ajoutant une touche d&#8217;\u00e9l\u00e9gance \u00e0 votre construction.<\/p>\n","protected":false},"featured_media":23149,"comment_status":"closed","ping_status":"closed","template":"","meta":{"_acf_changed":false},"product_brand":[],"product_cat":[1925,1923],"product_tag":[],"class_list":{"0":"post-23147","1":"product","2":"type-product","3":"status-publish","4":"has-post-thumbnail","6":"product_cat-bois-brule-et-traite","7":"product_cat-lambris-exterieur","9":"first","10":"instock","11":"taxable","12":"shipping-taxable","13":"purchasable","14":"product-type-variable"},"acf":[],"_links":{"self":[{"href":"https:\/\/enipau.ro\/fr\/wp-json\/wp\/v2\/product\/23147","targetHints":{"allow":["GET"]}}],"collection":[{"href":"https:\/\/enipau.ro\/fr\/wp-json\/wp\/v2\/product"}],"about":[{"href":"https:\/\/enipau.ro\/fr\/wp-json\/wp\/v2\/types\/product"}],"replies":[{"embeddable":true,"href":"https:\/\/enipau.ro\/fr\/wp-json\/wp\/v2\/comments?post=23147"}],"wp:featuredmedia":[{"embeddable":true,"href":"https:\/\/enipau.ro\/fr\/wp-json\/wp\/v2\/media\/23149"}],"wp:attachment":[{"href":"https:\/\/enipau.ro\/fr\/wp-json\/wp\/v2\/media?parent=23147"}],"wp:term":[{"taxonomy":"product_brand","embeddable":true,"href":"https:\/\/enipau.ro\/fr\/wp-json\/wp\/v2\/product_brand?post=23147"},{"taxonomy":"product_cat","embeddable":true,"href":"https:\/\/enipau.ro\/fr\/wp-json\/wp\/v2\/product_cat?post=23147"},{"taxonomy":"product_tag","embeddable":true,"href":"https:\/\/enipau.ro\/fr\/wp-json\/wp\/v2\/product_tag?post=23147"}],"curies":[{"name":"wp","href":"https:\/\/api.w.org\/{rel}","templated":true}]}}