{"id":23198,"date":"2023-07-16T19:41:55","date_gmt":"2023-07-16T19:41:55","guid":{"rendered":"https:\/\/enipau.ro\/produs\/uncategorized\/panneau-rainure-r1\/"},"modified":"2023-07-16T19:41:55","modified_gmt":"2023-07-16T19:41:55","slug":"panneau-rainure-r1","status":"publish","type":"product","link":"https:\/\/enipau.ro\/fr\/produit\/panneaux-exterieurs-en-bois-a-lamelles\/panneau-rainure-r1\/","title":{"rendered":"Panneau rainur\u00e9 R1"},"content":{"rendered":"","protected":false},"excerpt":{"rendered":"<p>Parmi les mod\u00e8les de lambris d\u00e9coratifs les plus populaires, on trouve les \u00c9l\u00e9ments rainur\u00e9s, des lattes de bois prises en sandwich entre le sol et le plafond, qui peuvent \u00eatre en ligne continue ou avec quelques \u00e9l\u00e9ments artistiquement d\u00e9coup\u00e9s. Vous pouvez dissimuler la pr\u00e9sence disgracieuse de radiateurs avec une moulure en bois, ou utiliser la moulure lambriss\u00e9e comme une porte fonctionnelle entre une salle de bain ou un dressing. <\/p>\n<p>Il n&#8217;y a pas de limites en termes de conception, vous pouvez donc demander un devis pour que nos sp\u00e9cialistes puissent traiter le Panneau rainur\u00e9 le plus correctement possible. Les avantages de ce type de mat\u00e9riau sont l&#8217;am\u00e9lioration de la r\u00e9sistance et de la rigidit\u00e9 par la r\u00e9duction de l&#8217;influence n\u00e9gative des n\u0153uds, l&#8217;\u00e9limination des d\u00e9formations dues au s\u00e9chage et l&#8217;augmentation de l&#8217;homog\u00e9n\u00e9it\u00e9. <\/p>\n<p>Les frais d&#8217;\u00e9pilation et d&#8217;impr\u00e9gnation sont distincts.<\/p>\n","protected":false},"featured_media":23200,"comment_status":"closed","ping_status":"closed","template":"","meta":{"_acf_changed":false},"product_brand":[],"product_cat":[2026,1926],"product_tag":[],"class_list":{"0":"post-23198","1":"product","2":"type-product","3":"status-publish","4":"has-post-thumbnail","6":"product_cat-lames-de-bois-interieures-et-panneaux-muraux-decoratifs","7":"product_cat-panneaux-exterieurs-en-bois-a-lamelles","9":"first","10":"instock","11":"taxable","12":"shipping-taxable","13":"purchasable","14":"product-type-variable"},"acf":[],"_links":{"self":[{"href":"https:\/\/enipau.ro\/fr\/wp-json\/wp\/v2\/product\/23198","targetHints":{"allow":["GET"]}}],"collection":[{"href":"https:\/\/enipau.ro\/fr\/wp-json\/wp\/v2\/product"}],"about":[{"href":"https:\/\/enipau.ro\/fr\/wp-json\/wp\/v2\/types\/product"}],"replies":[{"embeddable":true,"href":"https:\/\/enipau.ro\/fr\/wp-json\/wp\/v2\/comments?post=23198"}],"wp:featuredmedia":[{"embeddable":true,"href":"https:\/\/enipau.ro\/fr\/wp-json\/wp\/v2\/media\/23200"}],"wp:attachment":[{"href":"https:\/\/enipau.ro\/fr\/wp-json\/wp\/v2\/media?parent=23198"}],"wp:term":[{"taxonomy":"product_brand","embeddable":true,"href":"https:\/\/enipau.ro\/fr\/wp-json\/wp\/v2\/product_brand?post=23198"},{"taxonomy":"product_cat","embeddable":true,"href":"https:\/\/enipau.ro\/fr\/wp-json\/wp\/v2\/product_cat?post=23198"},{"taxonomy":"product_tag","embeddable":true,"href":"https:\/\/enipau.ro\/fr\/wp-json\/wp\/v2\/product_tag?post=23198"}],"curies":[{"name":"wp","href":"https:\/\/api.w.org\/{rel}","templated":true}]}}