{"id":23306,"date":"2023-07-11T17:16:11","date_gmt":"2023-07-11T17:16:11","guid":{"rendered":"https:\/\/enipau.ro\/produs\/uncategorized\/element-de-revetement-type-v\/"},"modified":"2023-07-11T17:16:11","modified_gmt":"2023-07-11T17:16:11","slug":"element-de-revetement-type-v","status":"publish","type":"product","link":"https:\/\/enipau.ro\/fr\/produit\/lambris-exterieur\/element-de-revetement-type-v\/","title":{"rendered":"\u00c9l\u00e9ment de rev\u00eatement Type V"},"content":{"rendered":"","protected":false},"excerpt":{"rendered":"<p>En choisissant l&#8217;\u00e9l\u00e9ment de rev\u00eatement de type V, vous apporterez une touche de raffinement et d&#8217;authenticit\u00e9 \u00e0 vos projets de rev\u00eatement de murs, de sols ou d&#8217;autres surfaces. Ces \u00e9l\u00e9ments peuvent \u00eatre utilis\u00e9s dans une grande vari\u00e9t\u00e9 d&#8217;espaces, qu&#8217;il s&#8217;agisse d&#8217;int\u00e9rieurs r\u00e9sidentiels ou commerciaux ou d&#8217;espaces ext\u00e9rieurs, offrant ainsi une extraordinaire flexibilit\u00e9 d&#8217;utilisation. Les \u00e9l\u00e9ments de bardage de type V sont fabriqu\u00e9s en bois de haute qualit\u00e9, ce qui leur conf\u00e8re une durabilit\u00e9 et une r\u00e9sistance accrues aux facteurs externes. En outre, ces \u00e9l\u00e9ments de bardage sont faciles \u00e0 installer, ce qui vous permet de cr\u00e9er des designs uniques et spectaculaires sans effort suppl\u00e9mentaire.    <\/p>\n","protected":false},"featured_media":23310,"comment_status":"closed","ping_status":"closed","template":"","meta":{"_acf_changed":false},"product_brand":[],"product_cat":[1952,1923],"product_tag":[],"class_list":{"0":"post-23306","1":"product","2":"type-product","3":"status-publish","4":"has-post-thumbnail","6":"product_cat-elements-de-facade-facades-en-bois","7":"product_cat-lambris-exterieur","9":"first","10":"instock","11":"taxable","12":"shipping-taxable","13":"purchasable","14":"product-type-variable"},"acf":[],"_links":{"self":[{"href":"https:\/\/enipau.ro\/fr\/wp-json\/wp\/v2\/product\/23306","targetHints":{"allow":["GET"]}}],"collection":[{"href":"https:\/\/enipau.ro\/fr\/wp-json\/wp\/v2\/product"}],"about":[{"href":"https:\/\/enipau.ro\/fr\/wp-json\/wp\/v2\/types\/product"}],"replies":[{"embeddable":true,"href":"https:\/\/enipau.ro\/fr\/wp-json\/wp\/v2\/comments?post=23306"}],"wp:featuredmedia":[{"embeddable":true,"href":"https:\/\/enipau.ro\/fr\/wp-json\/wp\/v2\/media\/23310"}],"wp:attachment":[{"href":"https:\/\/enipau.ro\/fr\/wp-json\/wp\/v2\/media?parent=23306"}],"wp:term":[{"taxonomy":"product_brand","embeddable":true,"href":"https:\/\/enipau.ro\/fr\/wp-json\/wp\/v2\/product_brand?post=23306"},{"taxonomy":"product_cat","embeddable":true,"href":"https:\/\/enipau.ro\/fr\/wp-json\/wp\/v2\/product_cat?post=23306"},{"taxonomy":"product_tag","embeddable":true,"href":"https:\/\/enipau.ro\/fr\/wp-json\/wp\/v2\/product_tag?post=23306"}],"curies":[{"name":"wp","href":"https:\/\/api.w.org\/{rel}","templated":true}]}}