{"id":23325,"date":"2023-07-11T17:01:55","date_gmt":"2023-07-11T17:01:55","guid":{"rendered":"https:\/\/enipau.ro\/produs\/uncategorized\/element-de-facade-f1-rhombus\/"},"modified":"2023-07-11T17:01:55","modified_gmt":"2023-07-11T17:01:55","slug":"element-de-facade-f1-rhombus","status":"publish","type":"product","link":"https:\/\/enipau.ro\/fr\/produit\/lambris-exterieur\/element-de-facade-f1-rhombus\/","title":{"rendered":"\u00c9l\u00e9ment de fa\u00e7ade F1 Rhombus"},"content":{"rendered":"","protected":false},"excerpt":{"rendered":"<p>Cet \u00e9l\u00e9ment est fabriqu\u00e9 \u00e0 partir de bois br\u00fbl\u00e9, bross\u00e9 et cir\u00e9 \u00c9pic\u00e9a pour apporter un aspect particulier et du charme \u00e0 tout projet de fa\u00e7ade.<\/p>\n<p>Le bois Lambris br\u00fbl\u00e9 \u00c9pic\u00e9a conf\u00e8re au produit une touche de myst\u00e8re et de raffinement, tandis que la finition bross\u00e9e et cir\u00e9e lui conf\u00e8re un \u00e9clat d\u00e9licat et une protection suppl\u00e9mentaire contre les facteurs ext\u00e9rieurs.<\/p>\n<p>L&#8217;\u00c9l\u00e9ment de fa\u00e7ade F1 de Rhombus est facile \u00e0 installer et s&#8217;adapte parfaitement aux projets r\u00e9sidentiels ou commerciaux. Il peut \u00eatre utilis\u00e9 pour ajouter un \u00e9l\u00e9ment d\u00e9coratif frappant aux murs ext\u00e9rieurs de votre maison, chalet ou restaurant, vous donnant la possibilit\u00e9 d&#8217;exprimer votre cr\u00e9ativit\u00e9 dans la conception de la fa\u00e7ade.<\/p>\n","protected":false},"featured_media":23332,"comment_status":"closed","ping_status":"closed","template":"","meta":{"_acf_changed":false},"product_brand":[],"product_cat":[1952,1923],"product_tag":[],"class_list":{"0":"post-23325","1":"product","2":"type-product","3":"status-publish","4":"has-post-thumbnail","6":"product_cat-elements-de-facade-facades-en-bois","7":"product_cat-lambris-exterieur","9":"first","10":"instock","11":"taxable","12":"shipping-taxable","13":"purchasable","14":"product-type-variable"},"acf":[],"_links":{"self":[{"href":"https:\/\/enipau.ro\/fr\/wp-json\/wp\/v2\/product\/23325","targetHints":{"allow":["GET"]}}],"collection":[{"href":"https:\/\/enipau.ro\/fr\/wp-json\/wp\/v2\/product"}],"about":[{"href":"https:\/\/enipau.ro\/fr\/wp-json\/wp\/v2\/types\/product"}],"replies":[{"embeddable":true,"href":"https:\/\/enipau.ro\/fr\/wp-json\/wp\/v2\/comments?post=23325"}],"wp:featuredmedia":[{"embeddable":true,"href":"https:\/\/enipau.ro\/fr\/wp-json\/wp\/v2\/media\/23332"}],"wp:attachment":[{"href":"https:\/\/enipau.ro\/fr\/wp-json\/wp\/v2\/media?parent=23325"}],"wp:term":[{"taxonomy":"product_brand","embeddable":true,"href":"https:\/\/enipau.ro\/fr\/wp-json\/wp\/v2\/product_brand?post=23325"},{"taxonomy":"product_cat","embeddable":true,"href":"https:\/\/enipau.ro\/fr\/wp-json\/wp\/v2\/product_cat?post=23325"},{"taxonomy":"product_tag","embeddable":true,"href":"https:\/\/enipau.ro\/fr\/wp-json\/wp\/v2\/product_tag?post=23325"}],"curies":[{"name":"wp","href":"https:\/\/api.w.org\/{rel}","templated":true}]}}