{"id":23354,"date":"2023-07-11T17:04:31","date_gmt":"2023-07-11T17:04:31","guid":{"rendered":"https:\/\/enipau.ro\/produs\/uncategorized\/element-de-facade-f3\/"},"modified":"2023-07-11T17:04:31","modified_gmt":"2023-07-11T17:04:31","slug":"element-de-facade-f3","status":"publish","type":"product","link":"https:\/\/enipau.ro\/fr\/produit\/lambris-exterieur\/element-de-facade-f3\/","title":{"rendered":"\u00c9l\u00e9ment de fa\u00e7ade F3"},"content":{"rendered":"","protected":false},"excerpt":{"rendered":"<p>Nos \u00e9l\u00e9ments de fa\u00e7ade en bois sont soigneusement usin\u00e9s et finis, ce qui garantit une qualit\u00e9 sup\u00e9rieure et une durabilit\u00e9 exceptionnelle. Chaque pi\u00e8ce est con\u00e7ue avec soin et attention aux d\u00e9tails, s&#8217;int\u00e9grant parfaitement dans le design souhait\u00e9 et donnant un aspect harmonieux \u00e0 l&#8217;ensemble du b\u00e2timent. Le bois v\u00e9ritable est le choix id\u00e9al pour les fa\u00e7ades en raison de ses qualit\u00e9s exceptionnelles. R\u00e9sistant aux intemp\u00e9ries, il offre une protection et un aspect esth\u00e9tique agr\u00e9able au fil du temps, apportant un charme naturel \u00e0 tout b\u00e2timent.   <\/p>\n","protected":false},"featured_media":23356,"comment_status":"closed","ping_status":"closed","template":"","meta":{"_acf_changed":false},"product_brand":[],"product_cat":[1952,2025,1923],"product_tag":[],"class_list":{"0":"post-23354","1":"product","2":"type-product","3":"status-publish","4":"has-post-thumbnail","6":"product_cat-elements-de-facade-facades-en-bois","7":"product_cat-finition-lazure-ciree-impregnee","8":"product_cat-lambris-exterieur","10":"first","11":"instock","12":"taxable","13":"shipping-taxable","14":"purchasable","15":"product-type-variable"},"acf":[],"_links":{"self":[{"href":"https:\/\/enipau.ro\/fr\/wp-json\/wp\/v2\/product\/23354","targetHints":{"allow":["GET"]}}],"collection":[{"href":"https:\/\/enipau.ro\/fr\/wp-json\/wp\/v2\/product"}],"about":[{"href":"https:\/\/enipau.ro\/fr\/wp-json\/wp\/v2\/types\/product"}],"replies":[{"embeddable":true,"href":"https:\/\/enipau.ro\/fr\/wp-json\/wp\/v2\/comments?post=23354"}],"wp:featuredmedia":[{"embeddable":true,"href":"https:\/\/enipau.ro\/fr\/wp-json\/wp\/v2\/media\/23356"}],"wp:attachment":[{"href":"https:\/\/enipau.ro\/fr\/wp-json\/wp\/v2\/media?parent=23354"}],"wp:term":[{"taxonomy":"product_brand","embeddable":true,"href":"https:\/\/enipau.ro\/fr\/wp-json\/wp\/v2\/product_brand?post=23354"},{"taxonomy":"product_cat","embeddable":true,"href":"https:\/\/enipau.ro\/fr\/wp-json\/wp\/v2\/product_cat?post=23354"},{"taxonomy":"product_tag","embeddable":true,"href":"https:\/\/enipau.ro\/fr\/wp-json\/wp\/v2\/product_tag?post=23354"}],"curies":[{"name":"wp","href":"https:\/\/api.w.org\/{rel}","templated":true}]}}