{"id":23419,"date":"2023-07-16T14:55:11","date_gmt":"2023-07-16T14:55:11","guid":{"rendered":"https:\/\/enipau.ro\/produs\/uncategorized\/lambris-premium-m12\/"},"modified":"2023-07-16T14:55:11","modified_gmt":"2023-07-16T14:55:11","slug":"lambris-premium-m12","status":"publish","type":"product","link":"https:\/\/enipau.ro\/fr\/produit\/lambris-exterieur\/lambris-premium-m12\/","title":{"rendered":"Lambris Premium M12"},"content":{"rendered":"","protected":false},"excerpt":{"rendered":"<p>Pour obtenir le bel effet des lambris vieillis, diff\u00e9rentes techniques peuvent \u00eatre appliqu\u00e9es, comme la peinture, le pon\u00e7age ou la structuration du bois. La surface est travaill\u00e9e par antiquisation, et les assemblages utilis\u00e9s sont de type rainure et languette.  Pour obtenir des informations d\u00e9taill\u00e9es sur les conditions et les d\u00e9lais de livraison, veuillez nous contacter. Nous proposons une large gamme de produits issus de la premi\u00e8re et de la deuxi\u00e8me transformation du bois. <\/p>\n","protected":false},"featured_media":23420,"comment_status":"closed","ping_status":"closed","template":"","meta":{"_acf_changed":false},"product_brand":[],"product_cat":[1956,1923,1936],"product_tag":[],"class_list":{"0":"post-23419","1":"product","2":"type-product","3":"status-publish","4":"has-post-thumbnail","6":"product_cat-boiseries-de-qualite-superieure","7":"product_cat-lambris-exterieur","8":"product_cat-lambris-interieur","10":"first","11":"instock","12":"taxable","13":"shipping-taxable","14":"purchasable","15":"product-type-variable"},"acf":[],"_links":{"self":[{"href":"https:\/\/enipau.ro\/fr\/wp-json\/wp\/v2\/product\/23419","targetHints":{"allow":["GET"]}}],"collection":[{"href":"https:\/\/enipau.ro\/fr\/wp-json\/wp\/v2\/product"}],"about":[{"href":"https:\/\/enipau.ro\/fr\/wp-json\/wp\/v2\/types\/product"}],"replies":[{"embeddable":true,"href":"https:\/\/enipau.ro\/fr\/wp-json\/wp\/v2\/comments?post=23419"}],"wp:featuredmedia":[{"embeddable":true,"href":"https:\/\/enipau.ro\/fr\/wp-json\/wp\/v2\/media\/23420"}],"wp:attachment":[{"href":"https:\/\/enipau.ro\/fr\/wp-json\/wp\/v2\/media?parent=23419"}],"wp:term":[{"taxonomy":"product_brand","embeddable":true,"href":"https:\/\/enipau.ro\/fr\/wp-json\/wp\/v2\/product_brand?post=23419"},{"taxonomy":"product_cat","embeddable":true,"href":"https:\/\/enipau.ro\/fr\/wp-json\/wp\/v2\/product_cat?post=23419"},{"taxonomy":"product_tag","embeddable":true,"href":"https:\/\/enipau.ro\/fr\/wp-json\/wp\/v2\/product_tag?post=23419"}],"curies":[{"name":"wp","href":"https:\/\/api.w.org\/{rel}","templated":true}]}}