{"id":23444,"date":"2023-07-16T17:26:36","date_gmt":"2023-07-16T17:26:36","guid":{"rendered":"https:\/\/enipau.ro\/produs\/uncategorized\/element-de-facade-f2-rhombus\/"},"modified":"2023-07-16T17:26:36","modified_gmt":"2023-07-16T17:26:36","slug":"element-de-facade-f2-rhombus","status":"publish","type":"product","link":"https:\/\/enipau.ro\/fr\/produit\/lambris-exterieur\/element-de-facade-f2-rhombus\/","title":{"rendered":"\u00c9l\u00e9ment de fa\u00e7ade F2 Rhombus"},"content":{"rendered":"","protected":false},"excerpt":{"rendered":"<p>D\u00e9couvrez l&#8217;\u00e9l\u00e9ment de fa\u00e7ade en m\u00e9l\u00e8ze de Sib\u00e9rie, un produit sp\u00e9cial et authentique ! Fabriqu\u00e9 en m\u00e9l\u00e8ze de Sib\u00e9rie, cet \u00e9l\u00e9ment apporte une touche d&#8217;\u00e9l\u00e9gance et de durabilit\u00e9 \u00e0 vos projets de fa\u00e7ade. Sa finition cir\u00e9e lui conf\u00e8re une protection et une brillance accrues. Facile \u00e0 int\u00e9grer dans votre projet de fa\u00e7ade, cet \u00e9l\u00e9ment en m\u00e9l\u00e8ze de Sib\u00e9rie cir\u00e9 apportera un aspect naturel et chaleureux \u00e0 tout projet d&#8217;am\u00e9nagement ext\u00e9rieur.   <\/p>\n","protected":false},"featured_media":23445,"comment_status":"closed","ping_status":"closed","template":"","meta":{"_acf_changed":false},"product_brand":[],"product_cat":[1952,1923],"product_tag":[],"class_list":{"0":"post-23444","1":"product","2":"type-product","3":"status-publish","4":"has-post-thumbnail","6":"product_cat-elements-de-facade-facades-en-bois","7":"product_cat-lambris-exterieur","9":"first","10":"instock","11":"taxable","12":"shipping-taxable","13":"purchasable","14":"product-type-variable"},"acf":[],"_links":{"self":[{"href":"https:\/\/enipau.ro\/fr\/wp-json\/wp\/v2\/product\/23444","targetHints":{"allow":["GET"]}}],"collection":[{"href":"https:\/\/enipau.ro\/fr\/wp-json\/wp\/v2\/product"}],"about":[{"href":"https:\/\/enipau.ro\/fr\/wp-json\/wp\/v2\/types\/product"}],"replies":[{"embeddable":true,"href":"https:\/\/enipau.ro\/fr\/wp-json\/wp\/v2\/comments?post=23444"}],"wp:featuredmedia":[{"embeddable":true,"href":"https:\/\/enipau.ro\/fr\/wp-json\/wp\/v2\/media\/23445"}],"wp:attachment":[{"href":"https:\/\/enipau.ro\/fr\/wp-json\/wp\/v2\/media?parent=23444"}],"wp:term":[{"taxonomy":"product_brand","embeddable":true,"href":"https:\/\/enipau.ro\/fr\/wp-json\/wp\/v2\/product_brand?post=23444"},{"taxonomy":"product_cat","embeddable":true,"href":"https:\/\/enipau.ro\/fr\/wp-json\/wp\/v2\/product_cat?post=23444"},{"taxonomy":"product_tag","embeddable":true,"href":"https:\/\/enipau.ro\/fr\/wp-json\/wp\/v2\/product_tag?post=23444"}],"curies":[{"name":"wp","href":"https:\/\/api.w.org\/{rel}","templated":true}]}}