{"id":24239,"date":"2023-07-11T11:10:09","date_gmt":"2023-07-11T11:10:09","guid":{"rendered":"https:\/\/enipau.ro\/produs\/uncategorized\/panneau-a-emboitement-stejar\/"},"modified":"2023-07-11T11:10:09","modified_gmt":"2023-07-11T11:10:09","slug":"panneau-a-emboitement-stejar","status":"publish","type":"product","link":"https:\/\/enipau.ro\/fr\/produit\/panneau-en-bois-colle-3-st\/panneau-a-emboitement-stejar\/","title":{"rendered":"Panneau \u00e0 embo\u00eetement STEJAR"},"content":{"rendered":"","protected":false},"excerpt":{"rendered":"<p>Chaque panneau est fabriqu\u00e9 de mani\u00e8re artisanale et avec le souci du d\u00e9tail \u00e0 partir de bois de ch\u00eane v\u00e9ritable, vous offrant ainsi une combinaison impressionnante d&#8217;\u00e9l\u00e9gance et de durabilit\u00e9 pour vos projets.<\/p>\n<p>Le bois de ch\u00eane est r\u00e9put\u00e9 pour ses qualit\u00e9s exceptionnelles et constitue l&#8217;un des mat\u00e9riaux les plus recherch\u00e9s pour la d\u00e9coration int\u00e9rieure et ext\u00e9rieure. Les panneaux de ce bois noble conf\u00e8rent un air de sophistication et de caract\u00e8re \u00e0 tout espace, qu&#8217;il s&#8217;agisse d&#8217;une maison, d&#8217;un restaurant ou d&#8217;un espace commercial. <\/p>\n<ul>\n<li>Dimensions : 1250 mm x 19 mm x 3m<\/li>\n<li>Prix : 1600 lei + TVA (chacun)<\/li>\n<\/ul>\n","protected":false},"featured_media":24242,"comment_status":"closed","ping_status":"closed","template":"","meta":{"_acf_changed":false},"product_brand":[],"product_cat":[2034],"product_tag":[],"class_list":{"0":"post-24239","1":"product","2":"type-product","3":"status-publish","4":"has-post-thumbnail","6":"product_cat-panneau-en-bois-colle-3-st","8":"first","9":"instock","10":"taxable","11":"shipping-taxable","12":"purchasable","13":"product-type-simple"},"acf":[],"_links":{"self":[{"href":"https:\/\/enipau.ro\/fr\/wp-json\/wp\/v2\/product\/24239","targetHints":{"allow":["GET"]}}],"collection":[{"href":"https:\/\/enipau.ro\/fr\/wp-json\/wp\/v2\/product"}],"about":[{"href":"https:\/\/enipau.ro\/fr\/wp-json\/wp\/v2\/types\/product"}],"replies":[{"embeddable":true,"href":"https:\/\/enipau.ro\/fr\/wp-json\/wp\/v2\/comments?post=24239"}],"wp:featuredmedia":[{"embeddable":true,"href":"https:\/\/enipau.ro\/fr\/wp-json\/wp\/v2\/media\/24242"}],"wp:attachment":[{"href":"https:\/\/enipau.ro\/fr\/wp-json\/wp\/v2\/media?parent=24239"}],"wp:term":[{"taxonomy":"product_brand","embeddable":true,"href":"https:\/\/enipau.ro\/fr\/wp-json\/wp\/v2\/product_brand?post=24239"},{"taxonomy":"product_cat","embeddable":true,"href":"https:\/\/enipau.ro\/fr\/wp-json\/wp\/v2\/product_cat?post=24239"},{"taxonomy":"product_tag","embeddable":true,"href":"https:\/\/enipau.ro\/fr\/wp-json\/wp\/v2\/product_tag?post=24239"}],"curies":[{"name":"wp","href":"https:\/\/api.w.org\/{rel}","templated":true}]}}