{"id":24246,"date":"2023-07-11T11:45:39","date_gmt":"2023-07-11T11:45:39","guid":{"rendered":"https:\/\/enipau.ro\/produs\/uncategorized\/lambris-premium-m1\/"},"modified":"2023-07-11T11:45:39","modified_gmt":"2023-07-11T11:45:39","slug":"lambris-premium-m1","status":"publish","type":"product","link":"https:\/\/enipau.ro\/fr\/produit\/lambris-exterieur\/lambris-premium-m1\/","title":{"rendered":"Lambris Premium M1"},"content":{"rendered":"","protected":false},"excerpt":{"rendered":"<p>Lambris unique fabriqu\u00e9 \u00e0 partir de bois trait\u00e9 \u00e0 la chaleur jusqu&#8217;\u00e0 120 degr\u00e9s Celsius. La texture est obtenue en br\u00fblant profond\u00e9ment le bois, qui est ensuite fini par brossage et trait\u00e9 avec une cire sp\u00e9ciale, qui lui donne de la r\u00e9sistance. Ce traitement thermique et cette finition \u00e0 la cire conf\u00e8rent au bois des qualit\u00e9s exceptionnelles qui lui permettent d&#8217;\u00eatre utilis\u00e9 aussi bien \u00e0 l&#8217;int\u00e9rieur, pour lui donner un charme rustique et authentique, qu&#8217;\u00e0 l&#8217;ext\u00e9rieur, pour r\u00e9sister avec succ\u00e8s aux d\u00e9fis de l&#8217;environnement.  <\/p>\n","protected":false},"featured_media":24249,"comment_status":"closed","ping_status":"closed","template":"","meta":{"_acf_changed":false},"product_brand":[],"product_cat":[1956,1923,1936],"product_tag":[],"class_list":{"0":"post-24246","1":"product","2":"type-product","3":"status-publish","4":"has-post-thumbnail","6":"product_cat-boiseries-de-qualite-superieure","7":"product_cat-lambris-exterieur","8":"product_cat-lambris-interieur","10":"first","11":"instock","12":"taxable","13":"shipping-taxable","14":"purchasable","15":"product-type-variable"},"acf":[],"_links":{"self":[{"href":"https:\/\/enipau.ro\/fr\/wp-json\/wp\/v2\/product\/24246","targetHints":{"allow":["GET"]}}],"collection":[{"href":"https:\/\/enipau.ro\/fr\/wp-json\/wp\/v2\/product"}],"about":[{"href":"https:\/\/enipau.ro\/fr\/wp-json\/wp\/v2\/types\/product"}],"replies":[{"embeddable":true,"href":"https:\/\/enipau.ro\/fr\/wp-json\/wp\/v2\/comments?post=24246"}],"wp:featuredmedia":[{"embeddable":true,"href":"https:\/\/enipau.ro\/fr\/wp-json\/wp\/v2\/media\/24249"}],"wp:attachment":[{"href":"https:\/\/enipau.ro\/fr\/wp-json\/wp\/v2\/media?parent=24246"}],"wp:term":[{"taxonomy":"product_brand","embeddable":true,"href":"https:\/\/enipau.ro\/fr\/wp-json\/wp\/v2\/product_brand?post=24246"},{"taxonomy":"product_cat","embeddable":true,"href":"https:\/\/enipau.ro\/fr\/wp-json\/wp\/v2\/product_cat?post=24246"},{"taxonomy":"product_tag","embeddable":true,"href":"https:\/\/enipau.ro\/fr\/wp-json\/wp\/v2\/product_tag?post=24246"}],"curies":[{"name":"wp","href":"https:\/\/api.w.org\/{rel}","templated":true}]}}