{"id":24566,"date":"2022-03-17T09:17:14","date_gmt":"2022-03-17T09:17:14","guid":{"rendered":"https:\/\/enipau.ro\/produs\/uncategorized\/poutres-et-chevrons-en-lamelle-colle-lamines\/"},"modified":"2025-05-07T15:35:06","modified_gmt":"2025-05-07T15:35:06","slug":"poutres-et-chevrons-en-lamelle-colle-lamines","status":"publish","type":"product","link":"https:\/\/enipau.ro\/fr\/produit\/terrasses-et-balcons-en-bois\/poutres-et-chevrons-en-lamelle-colle-lamines\/","title":{"rendered":"Poutres et chevrons en lamell\u00e9-coll\u00e9 (lamin\u00e9s)"},"content":{"rendered":"<ul>\n<li>Longueur : 13,5 m<\/li>\n<li>Possibilit\u00e9 d&#8217;impr\u00e9gnation color\u00e9e \u00e0 la demande du client<\/li>\n<li>Possibilit\u00e9 de d\u00e9bits personnalis\u00e9s sur demande (service payant)<\/li>\n<li>Certificat de r\u00e9sistance<\/li>\n<li><strong>Prix de \u20ac735 \u2013 \u20ac785 \/ m\u00b3<\/strong><\/li>\n<\/ul>\n<p>&nbsp;<\/p>\n<div class=\"custom-table-mihai\" style=\"text-align: center;\">\n<p>S = <span class=\"stoc\">Stock<\/span>, C = <span class=\"comanda\">Commande<\/span><\/p>\n<table><!-- Table Head --><\/p>\n<thead><!-- First row: \"INALTIME mm\" spans down, \"GROSIME mm\" spans across --><\/p>\n<tr>\n<th class=\"header-left\" rowspan=\"2\">Hauteur (mm)<\/th>\n<th class=\"header-top\" colspan=\"9\">\u00c9paisseur (mm)<\/th>\n<\/tr>\n<p><!-- Second row: numeric column headers --><\/p>\n<tr class=\"grosime-row\">\n<th>80<\/th>\n<th>100<\/th>\n<th>120<\/th>\n<th>140<\/th>\n<th>160<\/th>\n<th>180<\/th>\n<th>200<\/th>\n<th>240<\/th>\n<\/tr>\n<\/thead>\n<p><!-- Table Body --><\/p>\n<tbody><!-- 640 mm row --><\/p>\n<tr>\n<th class=\"header-left\">640<\/th>\n<td class=\"red\">C<\/td>\n<td class=\"red\">C<\/td>\n<td class=\"red\">C<\/td>\n<td class=\"red\">C<\/td>\n<td class=\"red\">C<\/td>\n<td class=\"red\">C<\/td>\n<td class=\"red\">C<\/td>\n<td class=\"red\">C<\/td>\n<\/tr>\n<p><!-- 600 mm row --><\/p>\n<tr>\n<th class=\"header-left\">600<\/th>\n<td class=\"red\">C<\/td>\n<td class=\"red\">C<\/td>\n<td class=\"red\">C<\/td>\n<td class=\"red\">C<\/td>\n<td class=\"red\">C<\/td>\n<td class=\"red\">C<\/td>\n<td class=\"red\">C<\/td>\n<td class=\"red\">C<\/td>\n<\/tr>\n<p><!-- 560 mm row --><\/p>\n<tr>\n<th class=\"header-left\">560<\/th>\n<td class=\"red\">C<\/td>\n<td class=\"red\">C<\/td>\n<td class=\"red\">C<\/td>\n<td class=\"red\">C<\/td>\n<td class=\"red\">C<\/td>\n<td class=\"red\">C<\/td>\n<td class=\"red\">C<\/td>\n<td class=\"red\">C<\/td>\n<\/tr>\n<p><!-- 520 mm row --><\/p>\n<tr>\n<th class=\"header-left\">520<\/th>\n<td class=\"red\">C<\/td>\n<td class=\"red\">C<\/td>\n<td class=\"red\">C<\/td>\n<td class=\"red\">C<\/td>\n<td class=\"red\">C<\/td>\n<td class=\"red\">C<\/td>\n<td class=\"red\">C<\/td>\n<td class=\"red\">C<\/td>\n<\/tr>\n<p><!-- 480 mm row --><\/p>\n<tr>\n<th class=\"header-left\">480<\/th>\n<td class=\"red\">C<\/td>\n<td class=\"red\">C<\/td>\n<td class=\"red\">C<\/td>\n<td class=\"red\">C<\/td>\n<td class=\"red\">C<\/td>\n<td class=\"red\">C<\/td>\n<td class=\"red\">C<\/td>\n<td class=\"red\">C<\/td>\n<\/tr>\n<p><!-- 440 mm row --><\/p>\n<tr>\n<th class=\"header-left\">440<\/th>\n<td class=\"red\">C<\/td>\n<td class=\"red\">C<\/td>\n<td class=\"red\">C<\/td>\n<td class=\"red\">C<\/td>\n<td class=\"red\">C<\/td>\n<td class=\"red\">C<\/td>\n<td class=\"red\">C<\/td>\n<td class=\"red\">C<\/td>\n<\/tr>\n<p><!-- 400 mm row --><\/p>\n<tr>\n<th class=\"header-left\">400<\/th>\n<td class=\"red\">C<\/td>\n<td class=\"red\">C<\/td>\n<td class=\"red\">C<\/td>\n<td class=\"red\">C<\/td>\n<td class=\"red\">C<\/td>\n<td class=\"red\">C<\/td>\n<td class=\"red\">C<\/td>\n<td class=\"red\">C<\/td>\n<\/tr>\n<p><!-- 360 mm row --><\/p>\n<tr>\n<th class=\"header-left\">360<\/th>\n<td class=\"red\">C<\/td>\n<td class=\"red\">C<\/td>\n<td class=\"red\">C<\/td>\n<td class=\"red\">C<\/td>\n<td class=\"red\">C<\/td>\n<td class=\"red\">C<\/td>\n<td class=\"red\">C<\/td>\n<td class=\"red\">C<\/td>\n<\/tr>\n<p><!-- 320 mm row --><\/p>\n<tr>\n<th class=\"header-left\">320<\/th>\n<td class=\"red\">C<\/td>\n<td class=\"red\">C<\/td>\n<td class=\"red\">C<\/td>\n<td class=\"green\">S<\/td>\n<td class=\"red\">C<\/td>\n<td class=\"red\">C<\/td>\n<td class=\"red\">C<\/td>\n<td class=\"red\">C<\/td>\n<\/tr>\n<p><!-- 280 mm row --><\/p>\n<tr>\n<th class=\"header-left\">280<\/th>\n<td class=\"red\">C<\/td>\n<td class=\"red\">C<\/td>\n<td class=\"red\">C<\/td>\n<td class=\"red\">C<\/td>\n<td class=\"red\">C<\/td>\n<td class=\"red\">C<\/td>\n<td class=\"red\">C<\/td>\n<td class=\"red\">C<\/td>\n<\/tr>\n<p><!-- 240 mm row --><\/p>\n<tr>\n<th class=\"header-left\">240<\/th>\n<td class=\"red\">C<\/td>\n<td class=\"red\">C<\/td>\n<td class=\"red\">C<\/td>\n<td class=\"green\">S<\/td>\n<td class=\"red\">C<\/td>\n<td class=\"red\">C<\/td>\n<td class=\"red\">C<\/td>\n<td class=\"red\">C<\/td>\n<\/tr>\n<p><!-- 200 mm row --><\/p>\n<tr>\n<th class=\"header-left\">200<\/th>\n<td class=\"red\">C<\/td>\n<td class=\"green\">S<\/td>\n<td class=\"red\">C<\/td>\n<td class=\"green\">S<\/td>\n<td class=\"red\">C<\/td>\n<td class=\"green\">S<\/td>\n<td class=\"red\">C<\/td>\n<td class=\"black\">&#8211;<\/td>\n<\/tr>\n<p><!-- 160 mm row --><\/p>\n<tr>\n<th class=\"header-left\">160<\/th>\n<td class=\"red\">C<\/td>\n<td class=\"green\">S<\/td>\n<td class=\"red\">C<\/td>\n<td class=\"red\">C<\/td>\n<td class=\"green\">S<\/td>\n<td class=\"black\">&#8211;<\/td>\n<td class=\"black\">&#8211;<\/td>\n<td class=\"black\">&#8211;<\/td>\n<\/tr>\n<p><!-- 140 mm row --><\/p>\n<tr>\n<th class=\"header-left\">140<\/th>\n<td class=\"black\">&#8211;<\/td>\n<td class=\"black\">&#8211;<\/td>\n<td class=\"black\">&#8211;<\/td>\n<td class=\"green\">S<\/td>\n<td class=\"red\">C<\/td>\n<td class=\"red\">C<\/td>\n<td class=\"red\">C<\/td>\n<td class=\"red\">C<\/td>\n<\/tr>\n<p><!-- 120 mm row --><\/p>\n<tr>\n<th class=\"header-left\">120<\/th>\n<td class=\"red\">C<\/td>\n<td class=\"green\">S<\/td>\n<td class=\"green\">S<\/td>\n<td class=\"black\">&#8211;<\/td>\n<td class=\"black\">&#8211;<\/td>\n<td class=\"black\">&#8211;<\/td>\n<td class=\"black\">&#8211;<\/td>\n<td class=\"black\">&#8211;<\/td>\n<\/tr>\n<\/tbody>\n<\/table>\n<\/div>\n","protected":false},"excerpt":{"rendered":"<p>Nous fabriquons et vendons des poutres et des chevrons en bois lamell\u00e9-coll\u00e9, id\u00e9al pour la construction durable. Ce produit est constitu\u00e9 d&#8217;un bois lamell\u00e9-coll\u00e9, about\u00e9 aux extr\u00e9mit\u00e9s. Il peut donc \u00eatre facilement courb\u00e9 et mod\u00e9lis\u00e9. Il a un poids faible et une capacit\u00e9 de charge \u00e9lev\u00e9e, et se comporte tr\u00e8s bien en cas de tremblement de terre. Les poutres et les chevrons en bois lamell\u00e9-coll\u00e9 sont extr\u00eamement r\u00e9sistants aux facteurs externes (humidit\u00e9, corrosion, incendie). Outre ses avantages pratiques et sa facilit\u00e9 de montage, il remplit \u00e9galement une fonction esth\u00e9tique et est un mat\u00e9riau tr\u00e8s appr\u00e9ci\u00e9 des architectes.<\/p>\n<p><strong>Les prix varient entre \u20ac735 \u2013 \u20ac785 \/ m\u00b3.<br \/>\n<\/strong>Contactez-nous pour une offre finale!<\/p>\n","protected":false},"featured_media":24575,"comment_status":"closed","ping_status":"closed","template":"","meta":{"_acf_changed":false},"product_brand":[],"product_cat":[1988,2037,2036,1927],"product_tag":[],"class_list":{"0":"post-24566","1":"product","2":"type-product","3":"status-publish","4":"has-post-thumbnail","6":"product_cat-bois-depicea","7":"product_cat-bois-et-paille","8":"product_cat-bois-stratifie","9":"product_cat-terrasses-et-balcons-en-bois","11":"first","12":"instock","13":"taxable","14":"shipping-taxable","15":"purchasable","16":"product-type-simple"},"acf":[],"_links":{"self":[{"href":"https:\/\/enipau.ro\/fr\/wp-json\/wp\/v2\/product\/24566","targetHints":{"allow":["GET"]}}],"collection":[{"href":"https:\/\/enipau.ro\/fr\/wp-json\/wp\/v2\/product"}],"about":[{"href":"https:\/\/enipau.ro\/fr\/wp-json\/wp\/v2\/types\/product"}],"replies":[{"embeddable":true,"href":"https:\/\/enipau.ro\/fr\/wp-json\/wp\/v2\/comments?post=24566"}],"wp:featuredmedia":[{"embeddable":true,"href":"https:\/\/enipau.ro\/fr\/wp-json\/wp\/v2\/media\/24575"}],"wp:attachment":[{"href":"https:\/\/enipau.ro\/fr\/wp-json\/wp\/v2\/media?parent=24566"}],"wp:term":[{"taxonomy":"product_brand","embeddable":true,"href":"https:\/\/enipau.ro\/fr\/wp-json\/wp\/v2\/product_brand?post=24566"},{"taxonomy":"product_cat","embeddable":true,"href":"https:\/\/enipau.ro\/fr\/wp-json\/wp\/v2\/product_cat?post=24566"},{"taxonomy":"product_tag","embeddable":true,"href":"https:\/\/enipau.ro\/fr\/wp-json\/wp\/v2\/product_tag?post=24566"}],"curies":[{"name":"wp","href":"https:\/\/api.w.org\/{rel}","templated":true}]}}