{"id":24592,"date":"2022-04-07T18:11:05","date_gmt":"2022-04-07T18:11:05","guid":{"rendered":"https:\/\/enipau.ro\/produs\/uncategorized\/lambris-de-epicea-pour-la-facade-3d\/"},"modified":"2022-04-07T18:11:05","modified_gmt":"2022-04-07T18:11:05","slug":"lambris-de-epicea-pour-la-facade-3d","status":"publish","type":"product","link":"https:\/\/enipau.ro\/fr\/produit\/lambris-exterieur\/lambris-de-epicea-pour-la-facade-3d\/","title":{"rendered":"Lambris de \u00c9pic\u00e9a pour la fa\u00e7ade (3D)"},"content":{"rendered":"<p>Les lambris de \u00c9pic\u00e9a sont propos\u00e9s pr\u00eats \u00e0 \u00eatre trait\u00e9s. Il est impr\u00e9gn\u00e9 d&#8217;un vernis \u00e0 base de cire et peut \u00eatre peint dans la couleur demand\u00e9e par le client. <\/p>\n<ul>\n<li>Dimensions : 140 mm x 20 mm x 4m<\/li>\n<li>Prix : 180 lei + TVA (m\u00b2)<\/li>\n<\/ul>\n<p>Contactez-nous pour un devis !<\/p>\n<p>&nbsp;<\/p>\n","protected":false},"excerpt":{"rendered":"<p>Nous produisons et vendons \u00c9pic\u00e9a Lambris 3D, id\u00e9al pour les b\u00e2timents de diff\u00e9rentes tailles. Le rev\u00eatement avec les lambris \u00c9pic\u00e9a offre aux habitations et aux locaux commerciaux de nombreux avantages. Il combine harmonieusement la fonctionnalit\u00e9 (insonorisation, isolation thermique, haute durabilit\u00e9) et l&#8217;esth\u00e9tique, ce qui en fait un produit final sp\u00e9cial qui rapproche l&#8217;homme de la nature.  <\/p>\n","protected":false},"featured_media":24594,"comment_status":"closed","ping_status":"closed","template":"","meta":{"_acf_changed":false},"product_brand":[],"product_cat":[1952,1923],"product_tag":[],"class_list":{"0":"post-24592","1":"product","2":"type-product","3":"status-publish","4":"has-post-thumbnail","6":"product_cat-elements-de-facade-facades-en-bois","7":"product_cat-lambris-exterieur","9":"first","10":"instock","11":"taxable","12":"shipping-taxable","13":"purchasable","14":"product-type-simple"},"acf":[],"_links":{"self":[{"href":"https:\/\/enipau.ro\/fr\/wp-json\/wp\/v2\/product\/24592","targetHints":{"allow":["GET"]}}],"collection":[{"href":"https:\/\/enipau.ro\/fr\/wp-json\/wp\/v2\/product"}],"about":[{"href":"https:\/\/enipau.ro\/fr\/wp-json\/wp\/v2\/types\/product"}],"replies":[{"embeddable":true,"href":"https:\/\/enipau.ro\/fr\/wp-json\/wp\/v2\/comments?post=24592"}],"wp:featuredmedia":[{"embeddable":true,"href":"https:\/\/enipau.ro\/fr\/wp-json\/wp\/v2\/media\/24594"}],"wp:attachment":[{"href":"https:\/\/enipau.ro\/fr\/wp-json\/wp\/v2\/media?parent=24592"}],"wp:term":[{"taxonomy":"product_brand","embeddable":true,"href":"https:\/\/enipau.ro\/fr\/wp-json\/wp\/v2\/product_brand?post=24592"},{"taxonomy":"product_cat","embeddable":true,"href":"https:\/\/enipau.ro\/fr\/wp-json\/wp\/v2\/product_cat?post=24592"},{"taxonomy":"product_tag","embeddable":true,"href":"https:\/\/enipau.ro\/fr\/wp-json\/wp\/v2\/product_tag?post=24592"}],"curies":[{"name":"wp","href":"https:\/\/api.w.org\/{rel}","templated":true}]}}