{"id":24593,"date":"2023-07-05T07:43:11","date_gmt":"2023-07-05T07:43:11","guid":{"rendered":"https:\/\/enipau.ro\/produs\/uncategorized\/bois-rabote-de-meleze-de-siberie\/"},"modified":"2023-07-05T07:43:11","modified_gmt":"2023-07-05T07:43:11","slug":"bois-rabote-de-meleze-de-siberie","status":"publish","type":"product","link":"https:\/\/enipau.ro\/fr\/produit\/lambris-exterieur\/bois-rabote-de-meleze-de-siberie\/","title":{"rendered":"Bois rabot\u00e9 de m\u00e9l\u00e8ze de Sib\u00e9rie"},"content":{"rendered":"","protected":false},"excerpt":{"rendered":"<p>Le bois rabot\u00e9 de m\u00e9l\u00e8ze de Sib\u00e9rie est le choix id\u00e9al pour vos projets de construction et d&#8217;am\u00e9nagement paysager, apportant une touche d&#8217;\u00e9l\u00e9gance et de robustesse \u00e0 n&#8217;importe quelle pi\u00e8ce ou projet ext\u00e9rieur. Fabriqu\u00e9 \u00e0 partir de m\u00e9l\u00e8ze de Sib\u00e9rie de la plus haute qualit\u00e9, ce bois se distingue par ses propri\u00e9t\u00e9s exceptionnelles et sa durabilit\u00e9. <\/p>\n<p>Le produit est vendu individuellement.<\/p>\n","protected":false},"featured_media":24604,"comment_status":"closed","ping_status":"closed","template":"","meta":{"_acf_changed":false},"product_brand":[],"product_cat":[1923,1951],"product_tag":[],"class_list":{"0":"post-24593","1":"product","2":"type-product","3":"status-publish","4":"has-post-thumbnail","6":"product_cat-lambris-exterieur","7":"product_cat-produits-en-meleze","9":"first","10":"instock","11":"taxable","12":"shipping-taxable","13":"purchasable","14":"product-type-variable"},"acf":[],"_links":{"self":[{"href":"https:\/\/enipau.ro\/fr\/wp-json\/wp\/v2\/product\/24593","targetHints":{"allow":["GET"]}}],"collection":[{"href":"https:\/\/enipau.ro\/fr\/wp-json\/wp\/v2\/product"}],"about":[{"href":"https:\/\/enipau.ro\/fr\/wp-json\/wp\/v2\/types\/product"}],"replies":[{"embeddable":true,"href":"https:\/\/enipau.ro\/fr\/wp-json\/wp\/v2\/comments?post=24593"}],"wp:featuredmedia":[{"embeddable":true,"href":"https:\/\/enipau.ro\/fr\/wp-json\/wp\/v2\/media\/24604"}],"wp:attachment":[{"href":"https:\/\/enipau.ro\/fr\/wp-json\/wp\/v2\/media?parent=24593"}],"wp:term":[{"taxonomy":"product_brand","embeddable":true,"href":"https:\/\/enipau.ro\/fr\/wp-json\/wp\/v2\/product_brand?post=24593"},{"taxonomy":"product_cat","embeddable":true,"href":"https:\/\/enipau.ro\/fr\/wp-json\/wp\/v2\/product_cat?post=24593"},{"taxonomy":"product_tag","embeddable":true,"href":"https:\/\/enipau.ro\/fr\/wp-json\/wp\/v2\/product_tag?post=24593"}],"curies":[{"name":"wp","href":"https:\/\/api.w.org\/{rel}","templated":true}]}}