{"id":24693,"date":"2022-04-07T18:13:14","date_gmt":"2022-04-07T18:13:14","guid":{"rendered":"https:\/\/enipau.ro\/produs\/uncategorized\/lambris-de-epicea-rayures-de-type-v\/"},"modified":"2022-04-07T18:13:14","modified_gmt":"2022-04-07T18:13:14","slug":"lambris-de-epicea-rayures-de-type-v","status":"publish","type":"product","link":"https:\/\/enipau.ro\/fr\/produit\/lambris-exterieur\/lambris-de-epicea-rayures-de-type-v\/","title":{"rendered":"Lambris de \u00c9pic\u00e9a (rayures de type V)"},"content":{"rendered":"<p>Le Lambris en \u00c9pic\u00e9a type V est propos\u00e9 \u00e0 l&#8217;\u00e9tat naturel. Il peut \u00eatre impr\u00e9gn\u00e9 de cire dans la couleur demand\u00e9e par le client, moyennant un suppl\u00e9ment. <\/p>\n<ul>\n<li>Dimensions : 140 mm x 20 mm x 4 m<\/li>\n<li>Prix : 190 lei \/ m\u00b2 + TVA<\/li>\n<\/ul>\n","protected":false},"excerpt":{"rendered":"<p>Nous produisons et vendons des lambris en V \u00c9pic\u00e9a, id\u00e9aux pour des b\u00e2timents de diff\u00e9rentes tailles.<br \/>\nQue vous optiez pour des lambris \u00e0 l&#8217;ext\u00e9rieur de votre maison ou que vous envisagiez de les utiliser pour la d\u00e9coration int\u00e9rieure, ce mod\u00e8le est le bon choix pour r\u00e9pondre \u00e0 vos besoins. Il peut \u00eatre utilis\u00e9 comme \u00e9l\u00e9ment d\u00e9coratif pour les murs, pour d\u00e9limiter diff\u00e9rentes zones ou encore pour mettre en valeur un mur particulier de votre maison. Isolant thermique et phonique, il est chic et donne du cachet \u00e0 vos r\u00e9alisations. Analysez les deux types de moulures en V et choisissez celle qui correspond \u00e0 votre style !   <\/p>\n<p>Le Lambris en \u00c9pic\u00e9a type V est propos\u00e9 \u00e0 l&#8217;\u00e9tat naturel. Il peut \u00eatre impr\u00e9gn\u00e9 de cire dans la couleur demand\u00e9e par le client, moyennant un suppl\u00e9ment. <\/p>\n<ul>\n<li>Dimensions : 140 mm x 20 mm x 4 m<\/li>\n<li>Prix : 190 lei \/ m\u00b2 + TVA<\/li>\n<\/ul>\n","protected":false},"featured_media":24697,"comment_status":"closed","ping_status":"closed","template":"","meta":{"_acf_changed":false},"product_brand":[],"product_cat":[2038,1923,2026,1926],"product_tag":[],"class_list":{"0":"post-24693","1":"product","2":"type-product","3":"status-publish","4":"has-post-thumbnail","6":"product_cat-lambris-en-bois-resineux-brut","7":"product_cat-lambris-exterieur","8":"product_cat-lames-de-bois-interieures-et-panneaux-muraux-decoratifs","9":"product_cat-panneaux-exterieurs-en-bois-a-lamelles","11":"first","12":"instock","13":"taxable","14":"shipping-taxable","15":"purchasable","16":"product-type-variable"},"acf":[],"_links":{"self":[{"href":"https:\/\/enipau.ro\/fr\/wp-json\/wp\/v2\/product\/24693","targetHints":{"allow":["GET"]}}],"collection":[{"href":"https:\/\/enipau.ro\/fr\/wp-json\/wp\/v2\/product"}],"about":[{"href":"https:\/\/enipau.ro\/fr\/wp-json\/wp\/v2\/types\/product"}],"replies":[{"embeddable":true,"href":"https:\/\/enipau.ro\/fr\/wp-json\/wp\/v2\/comments?post=24693"}],"wp:featuredmedia":[{"embeddable":true,"href":"https:\/\/enipau.ro\/fr\/wp-json\/wp\/v2\/media\/24697"}],"wp:attachment":[{"href":"https:\/\/enipau.ro\/fr\/wp-json\/wp\/v2\/media?parent=24693"}],"wp:term":[{"taxonomy":"product_brand","embeddable":true,"href":"https:\/\/enipau.ro\/fr\/wp-json\/wp\/v2\/product_brand?post=24693"},{"taxonomy":"product_cat","embeddable":true,"href":"https:\/\/enipau.ro\/fr\/wp-json\/wp\/v2\/product_cat?post=24693"},{"taxonomy":"product_tag","embeddable":true,"href":"https:\/\/enipau.ro\/fr\/wp-json\/wp\/v2\/product_tag?post=24693"}],"curies":[{"name":"wp","href":"https:\/\/api.w.org\/{rel}","templated":true}]}}