{"id":24711,"date":"2022-10-21T12:24:28","date_gmt":"2022-10-21T12:24:28","guid":{"rendered":"https:\/\/enipau.ro\/produs\/uncategorized\/bois-aboute-kvh\/"},"modified":"2025-03-21T11:18:42","modified_gmt":"2025-03-21T11:18:42","slug":"bois-aboute-kvh","status":"publish","type":"product","link":"https:\/\/enipau.ro\/fr\/produit\/terrasses-et-balcons-en-bois\/bois-aboute-kvh\/","title":{"rendered":"Bois about\u00e9 KVH"},"content":{"rendered":"<ul>\n<li>Bois about\u00e9 jusqu&#8217;\u00e0 13 m de long<\/li>\n<li>Possibilit\u00e9 d&#8217;impr\u00e9gnation color\u00e9e \u00e0 la demande du client<\/li>\n<li>Possibilit\u00e9 de d\u00e9bits personnalis\u00e9s sur demande (service payant)<\/li>\n<li>Certificat de r\u00e9sistance<\/li>\n<li>Prix de 482 to 513 euros \/ m\u00b3 hors tva<\/li>\n<\/ul>\n","protected":false},"excerpt":{"rendered":"<p>Les \u00e9l\u00e9ments en bois du KVH sont en bois massif. Ils sont fabriqu\u00e9s en assemblant par entures multiples des pi\u00e8ces de bois dont les principaux d\u00e9fauts ont \u00e9t\u00e9 \u00e9limin\u00e9s. De cette mani\u00e8re, les tensions dans le bois sont \u00e9limin\u00e9es et le comportement du bois est grandement am\u00e9lior\u00e9.<\/p>\n<p>Le bois KVH pr\u00e9sente une r\u00e9sistance m\u00e9canique \u00e9lev\u00e9e.<br \/>\nEn \u00e9liminant les d\u00e9fauts du bois, en coupant et en r\u00e9ajustant le bois dans les dents, les tensions \u00e0 l&#8217;int\u00e9rieur du bois sont \u00e9limin\u00e9es et sa tendance \u00e0 se d\u00e9former est minimis\u00e9e.<\/p>\n<p>Outre ses avantages pratiques et sa facilit\u00e9 de montage, il remplit \u00e9galement une fonction esth\u00e9tique et constitue un mat\u00e9riau appr\u00e9ci\u00e9 des architectes.<\/p>\n","protected":false},"featured_media":24716,"comment_status":"closed","ping_status":"closed","template":"","meta":{"_acf_changed":false},"product_brand":[],"product_cat":[1988,2037,2036,1927],"product_tag":[],"class_list":{"0":"post-24711","1":"product","2":"type-product","3":"status-publish","4":"has-post-thumbnail","6":"product_cat-bois-depicea","7":"product_cat-bois-et-paille","8":"product_cat-bois-stratifie","9":"product_cat-terrasses-et-balcons-en-bois","11":"first","12":"instock","13":"taxable","14":"shipping-taxable","15":"purchasable","16":"product-type-simple"},"acf":[],"_links":{"self":[{"href":"https:\/\/enipau.ro\/fr\/wp-json\/wp\/v2\/product\/24711","targetHints":{"allow":["GET"]}}],"collection":[{"href":"https:\/\/enipau.ro\/fr\/wp-json\/wp\/v2\/product"}],"about":[{"href":"https:\/\/enipau.ro\/fr\/wp-json\/wp\/v2\/types\/product"}],"replies":[{"embeddable":true,"href":"https:\/\/enipau.ro\/fr\/wp-json\/wp\/v2\/comments?post=24711"}],"wp:featuredmedia":[{"embeddable":true,"href":"https:\/\/enipau.ro\/fr\/wp-json\/wp\/v2\/media\/24716"}],"wp:attachment":[{"href":"https:\/\/enipau.ro\/fr\/wp-json\/wp\/v2\/media?parent=24711"}],"wp:term":[{"taxonomy":"product_brand","embeddable":true,"href":"https:\/\/enipau.ro\/fr\/wp-json\/wp\/v2\/product_brand?post=24711"},{"taxonomy":"product_cat","embeddable":true,"href":"https:\/\/enipau.ro\/fr\/wp-json\/wp\/v2\/product_cat?post=24711"},{"taxonomy":"product_tag","embeddable":true,"href":"https:\/\/enipau.ro\/fr\/wp-json\/wp\/v2\/product_tag?post=24711"}],"curies":[{"name":"wp","href":"https:\/\/api.w.org\/{rel}","templated":true}]}}