{"id":24956,"date":"2022-04-05T12:55:57","date_gmt":"2022-04-05T12:55:57","guid":{"rendered":"https:\/\/enipau.ro\/produs\/unkategorisiert\/lambris-de-epicea-pour-la-facade-type-ecailles\/"},"modified":"2022-04-05T12:55:57","modified_gmt":"2022-04-05T12:55:57","slug":"lambris-de-epicea-pour-la-facade-type-ecailles","status":"publish","type":"product","link":"https:\/\/enipau.ro\/fr\/produit\/lambris-exterieur\/lambris-de-epicea-pour-la-facade-type-ecailles\/","title":{"rendered":"Lambris de \u00c9pic\u00e9a pour la fa\u00e7ade (type \u00e9cailles)"},"content":{"rendered":"<p>Les lambris en \u00c9pic\u00e9a pour \u00e9cailles sont livr\u00e9s pr\u00eats \u00e0 l&#8217;emploi. Il est impr\u00e9gn\u00e9 d&#8217;un vernis \u00e0 base de cire et peut \u00eatre peint dans la couleur demand\u00e9e par le client. <\/p>\n<ul>\n<li>Dimensions : 140 mm x 20 mm x 4m<\/li>\n<li>Prix : 175 lei + TVA (m\u00b2)<\/li>\n<\/ul>\n<p>Contactez-nous pour un devis !<\/p>\n","protected":false},"excerpt":{"rendered":"<p>Nous produisons et vendons \u00c9pic\u00e9a lambris de fa\u00e7ade, id\u00e9al pour le rev\u00eatement ext\u00e9rieur des habitations et des locaux commerciaux avec divers avantages.<br \/>\nIl combine harmonieusement la fonctionnalit\u00e9 et l&#8217;esth\u00e9tique, ce qui en fait un produit final sp\u00e9cial qui rapproche les gens de la nature. Il est isolant acoustique et thermique, durable et tr\u00e8s polyvalent. <\/p>\n","protected":false},"featured_media":24672,"comment_status":"closed","ping_status":"closed","template":"","meta":{"_acf_changed":false},"product_brand":[],"product_cat":[1952,1923],"product_tag":[],"class_list":{"0":"post-24956","1":"product","2":"type-product","3":"status-publish","4":"has-post-thumbnail","6":"product_cat-elements-de-facade-facades-en-bois","7":"product_cat-lambris-exterieur","9":"first","10":"instock","11":"taxable","12":"shipping-taxable","13":"purchasable","14":"product-type-variable"},"acf":[],"_links":{"self":[{"href":"https:\/\/enipau.ro\/fr\/wp-json\/wp\/v2\/product\/24956","targetHints":{"allow":["GET"]}}],"collection":[{"href":"https:\/\/enipau.ro\/fr\/wp-json\/wp\/v2\/product"}],"about":[{"href":"https:\/\/enipau.ro\/fr\/wp-json\/wp\/v2\/types\/product"}],"replies":[{"embeddable":true,"href":"https:\/\/enipau.ro\/fr\/wp-json\/wp\/v2\/comments?post=24956"}],"wp:featuredmedia":[{"embeddable":true,"href":"https:\/\/enipau.ro\/fr\/wp-json\/wp\/v2\/media\/24672"}],"wp:attachment":[{"href":"https:\/\/enipau.ro\/fr\/wp-json\/wp\/v2\/media?parent=24956"}],"wp:term":[{"taxonomy":"product_brand","embeddable":true,"href":"https:\/\/enipau.ro\/fr\/wp-json\/wp\/v2\/product_brand?post=24956"},{"taxonomy":"product_cat","embeddable":true,"href":"https:\/\/enipau.ro\/fr\/wp-json\/wp\/v2\/product_cat?post=24956"},{"taxonomy":"product_tag","embeddable":true,"href":"https:\/\/enipau.ro\/fr\/wp-json\/wp\/v2\/product_tag?post=24956"}],"curies":[{"name":"wp","href":"https:\/\/api.w.org\/{rel}","templated":true}]}}