{"id":24974,"date":"2021-02-14T13:45:07","date_gmt":"2021-02-14T13:45:07","guid":{"rendered":"https:\/\/enipau.ro\/produs\/uncategorized\/tete-de-faisceau-de-type-a\/"},"modified":"2021-02-14T13:45:07","modified_gmt":"2021-02-14T13:45:07","slug":"tete-de-faisceau-de-type-a","status":"publish","type":"product","link":"https:\/\/enipau.ro\/fr\/produit\/connecteurs-en-bois-quincaillerie\/tete-de-faisceau-de-type-a\/","title":{"rendered":"T\u00eate de faisceau de type A"},"content":{"rendered":"<p>La colle pour poutres de type A est utilis\u00e9e pour fixer les poutres. Elle convient parfaitement \u00e0 votre projet et est tr\u00e8s facile \u00e0 utiliser dans diff\u00e9rentes tailles.<\/p>\n","protected":false},"excerpt":{"rendered":"<p>Selon la taille, vous pouvez les utiliser pour des maisons en bois, des hangars, des ajouts au toit, des pavillons, des garages, des auvents, des pergolas, des murs de s\u00e9paration, des terrasses, des portails, des cl\u00f4tures, des garde-corps, des gazebos, des \u00e9quipements d&#8217;aire de jeux pour enfants, etc&#8230; Elle est fabriqu\u00e9e en t\u00f4le d&#8217;acier galvanis\u00e9e.  <span style=\"font-weight: 400;\">BxC correspond \u00e0 la taille dans le menu, choisissez le bon produit pour votre construction.  <\/span><\/p>\n","protected":false},"featured_media":24976,"comment_status":"closed","ping_status":"closed","template":"","meta":{"_acf_changed":false},"product_brand":[],"product_cat":[2052],"product_tag":[],"class_list":{"0":"post-24974","1":"product","2":"type-product","3":"status-publish","4":"has-post-thumbnail","6":"product_cat-connecteurs-en-bois-quincaillerie","8":"first","9":"instock","10":"taxable","11":"shipping-taxable","12":"purchasable","13":"product-type-variable"},"acf":[],"_links":{"self":[{"href":"https:\/\/enipau.ro\/fr\/wp-json\/wp\/v2\/product\/24974","targetHints":{"allow":["GET"]}}],"collection":[{"href":"https:\/\/enipau.ro\/fr\/wp-json\/wp\/v2\/product"}],"about":[{"href":"https:\/\/enipau.ro\/fr\/wp-json\/wp\/v2\/types\/product"}],"replies":[{"embeddable":true,"href":"https:\/\/enipau.ro\/fr\/wp-json\/wp\/v2\/comments?post=24974"}],"wp:featuredmedia":[{"embeddable":true,"href":"https:\/\/enipau.ro\/fr\/wp-json\/wp\/v2\/media\/24976"}],"wp:attachment":[{"href":"https:\/\/enipau.ro\/fr\/wp-json\/wp\/v2\/media?parent=24974"}],"wp:term":[{"taxonomy":"product_brand","embeddable":true,"href":"https:\/\/enipau.ro\/fr\/wp-json\/wp\/v2\/product_brand?post=24974"},{"taxonomy":"product_cat","embeddable":true,"href":"https:\/\/enipau.ro\/fr\/wp-json\/wp\/v2\/product_cat?post=24974"},{"taxonomy":"product_tag","embeddable":true,"href":"https:\/\/enipau.ro\/fr\/wp-json\/wp\/v2\/product_tag?post=24974"}],"curies":[{"name":"wp","href":"https:\/\/api.w.org\/{rel}","templated":true}]}}