{"id":24975,"date":"2021-02-14T12:43:54","date_gmt":"2021-02-14T12:43:54","guid":{"rendered":"https:\/\/enipau.ro\/produs\/uncategorized\/base-en-forme-de-u-avec-tige\/"},"modified":"2021-02-14T12:43:54","modified_gmt":"2021-02-14T12:43:54","slug":"base-en-forme-de-u-avec-tige","status":"publish","type":"product","link":"https:\/\/enipau.ro\/fr\/produit\/connecteurs-en-bois-quincaillerie\/base-en-forme-de-u-avec-tige\/","title":{"rendered":"Base en forme de U avec tige"},"content":{"rendered":"<p>Enipau commercialise le boulon en U avec tige pour charges l\u00e9g\u00e8res. Le poteau d&#8217;ancrage en U avec tige est utilis\u00e9 dans la construction bois, pour la fixation de chevrons ou de madriers. Ainsi, selon la taille, vous pouvez les utiliser dans les maisons en bois, les fermes de toit, les compl\u00e9ments de toiture, les pavillons, les garages, les auvents, les pergolas, les murs de s\u00e9paration, les terrasses, les portails, les cl\u00f4tures, les garde-corps, les gloriettes, les \u00e9quipements de jeux pour enfants, etc&#8230;.  <\/p>\n<p>&nbsp;<\/p>\n<p>&nbsp;<\/p>\n","protected":false},"excerpt":{"rendered":"<p>Les blocs d&#8217;appui jouent un r\u00f4le important dans la fixation des \u00e9l\u00e9ments en bois de toute construction, en particulier des poteaux en bois. C&#8217;est un \u00e9l\u00e9ment utile dans l&#8217;assemblage du bois et il est utilis\u00e9 dans la construction de maisons. Ils sont fabriqu\u00e9s en t\u00f4le d&#8217;acier galvanis\u00e9e.    <span style=\"font-weight: 400;\">AxBxC correspond \u00e0 la taille dans le menu, choisissez le bon produit pour votre construction.  <\/span><\/p>\n","protected":false},"featured_media":24977,"comment_status":"closed","ping_status":"closed","template":"","meta":{"_acf_changed":false},"product_brand":[],"product_cat":[2052],"product_tag":[],"class_list":{"0":"post-24975","1":"product","2":"type-product","3":"status-publish","4":"has-post-thumbnail","6":"product_cat-connecteurs-en-bois-quincaillerie","8":"first","9":"instock","10":"taxable","11":"shipping-taxable","12":"purchasable","13":"product-type-variable"},"acf":[],"_links":{"self":[{"href":"https:\/\/enipau.ro\/fr\/wp-json\/wp\/v2\/product\/24975","targetHints":{"allow":["GET"]}}],"collection":[{"href":"https:\/\/enipau.ro\/fr\/wp-json\/wp\/v2\/product"}],"about":[{"href":"https:\/\/enipau.ro\/fr\/wp-json\/wp\/v2\/types\/product"}],"replies":[{"embeddable":true,"href":"https:\/\/enipau.ro\/fr\/wp-json\/wp\/v2\/comments?post=24975"}],"wp:featuredmedia":[{"embeddable":true,"href":"https:\/\/enipau.ro\/fr\/wp-json\/wp\/v2\/media\/24977"}],"wp:attachment":[{"href":"https:\/\/enipau.ro\/fr\/wp-json\/wp\/v2\/media?parent=24975"}],"wp:term":[{"taxonomy":"product_brand","embeddable":true,"href":"https:\/\/enipau.ro\/fr\/wp-json\/wp\/v2\/product_brand?post=24975"},{"taxonomy":"product_cat","embeddable":true,"href":"https:\/\/enipau.ro\/fr\/wp-json\/wp\/v2\/product_cat?post=24975"},{"taxonomy":"product_tag","embeddable":true,"href":"https:\/\/enipau.ro\/fr\/wp-json\/wp\/v2\/product_tag?post=24975"}],"curies":[{"name":"wp","href":"https:\/\/api.w.org\/{rel}","templated":true}]}}