{"id":24996,"date":"2021-02-14T13:54:43","date_gmt":"2021-02-14T13:54:43","guid":{"rendered":"https:\/\/enipau.ro\/produs\/uncategorized\/tete-de-poutre-type-b\/"},"modified":"2021-02-14T13:54:43","modified_gmt":"2021-02-14T13:54:43","slug":"tete-de-poutre-type-b","status":"publish","type":"product","link":"https:\/\/enipau.ro\/fr\/produit\/connecteurs-en-bois-quincaillerie\/tete-de-poutre-type-b\/","title":{"rendered":"T\u00eate de poutre type B"},"content":{"rendered":"<p>Enipau commercialise la poutre de type B pour les charges l\u00e9g\u00e8res.<\/p>\n","protected":false},"excerpt":{"rendered":"<p>Les colles \u00e0 solives de type B jouent un r\u00f4le important dans la fixation des \u00e9l\u00e9ments en bois de toute construction, en particulier des poteaux en bois. C&#8217;est un \u00e9l\u00e9ment utile dans l&#8217;assemblage du bois et il est utilis\u00e9 dans la construction de maisons. Il est fabriqu\u00e9 en t\u00f4le d&#8217;acier galvanis\u00e9e.    <span style=\"font-weight: 400;\">BxC correspond \u00e0 la taille dans le menu, choisissez le bon produit pour votre construction.  <\/span><\/p>\n","protected":false},"featured_media":24999,"comment_status":"closed","ping_status":"closed","template":"","meta":{"_acf_changed":false},"product_brand":[],"product_cat":[2052],"product_tag":[],"class_list":{"0":"post-24996","1":"product","2":"type-product","3":"status-publish","4":"has-post-thumbnail","6":"product_cat-connecteurs-en-bois-quincaillerie","8":"first","9":"instock","10":"taxable","11":"shipping-taxable","12":"purchasable","13":"product-type-variable"},"acf":[],"_links":{"self":[{"href":"https:\/\/enipau.ro\/fr\/wp-json\/wp\/v2\/product\/24996","targetHints":{"allow":["GET"]}}],"collection":[{"href":"https:\/\/enipau.ro\/fr\/wp-json\/wp\/v2\/product"}],"about":[{"href":"https:\/\/enipau.ro\/fr\/wp-json\/wp\/v2\/types\/product"}],"replies":[{"embeddable":true,"href":"https:\/\/enipau.ro\/fr\/wp-json\/wp\/v2\/comments?post=24996"}],"wp:featuredmedia":[{"embeddable":true,"href":"https:\/\/enipau.ro\/fr\/wp-json\/wp\/v2\/media\/24999"}],"wp:attachment":[{"href":"https:\/\/enipau.ro\/fr\/wp-json\/wp\/v2\/media?parent=24996"}],"wp:term":[{"taxonomy":"product_brand","embeddable":true,"href":"https:\/\/enipau.ro\/fr\/wp-json\/wp\/v2\/product_brand?post=24996"},{"taxonomy":"product_cat","embeddable":true,"href":"https:\/\/enipau.ro\/fr\/wp-json\/wp\/v2\/product_cat?post=24996"},{"taxonomy":"product_tag","embeddable":true,"href":"https:\/\/enipau.ro\/fr\/wp-json\/wp\/v2\/product_tag?post=24996"}],"curies":[{"name":"wp","href":"https:\/\/api.w.org\/{rel}","templated":true}]}}