{"id":25005,"date":"2021-02-14T12:56:49","date_gmt":"2021-02-14T12:56:49","guid":{"rendered":"https:\/\/enipau.ro\/produs\/uncategorized\/pivot-central-reglable-lateralement\/"},"modified":"2025-04-16T14:01:34","modified_gmt":"2025-04-16T14:01:34","slug":"pied-de-poteau-avec-reglage-lateral","status":"publish","type":"product","link":"https:\/\/enipau.ro\/fr\/produit\/connecteurs-en-bois-quincaillerie\/pied-de-poteau-avec-reglage-lateral\/","title":{"rendered":"Pied de poteau avec r\u00e9glage lat\u00e9ral"},"content":{"rendered":"<p>Les blocs d&#8217;appui r\u00e9glables lat\u00e9ralement jouent un r\u00f4le important dans la fixation des \u00e9l\u00e9ments en bois de toute construction, en particulier des poteaux en bois. C&#8217;est un \u00e9l\u00e9ment utile dans l&#8217;assemblage du bois et il est utilis\u00e9 dans la construction de maisons. Il est fabriqu\u00e9 en t\u00f4le d&#8217;acier galvanis\u00e9e.<\/p>\n","protected":false},"excerpt":{"rendered":"<p><span style=\"font-weight: 400;\">AxBxC comme indiqu\u00e9 sur l&#8217;image correspond \u00e0 la taille dans le menu, choisissez le bon produit pour votre construction. Selon la taille, vous pouvez les utiliser pour des maisons en bois, des charpentes, des compl\u00e9ments de toiture, des pavillons, des garages, des auvents, des pergolas, des murs de s\u00e9paration, des terrasses, des portails, des cl\u00f4tures, des garde-corps, des gloriettes, des jeux pour enfants, etc&#8230;. <\/span><\/p>\n","protected":false},"featured_media":25006,"comment_status":"closed","ping_status":"closed","template":"","meta":{"_acf_changed":false},"product_brand":[],"product_cat":[2052],"product_tag":[],"class_list":{"0":"post-25005","1":"product","2":"type-product","3":"status-publish","4":"has-post-thumbnail","6":"product_cat-connecteurs-en-bois-quincaillerie","8":"first","9":"instock","10":"taxable","11":"shipping-taxable","12":"purchasable","13":"product-type-variable"},"acf":[],"_links":{"self":[{"href":"https:\/\/enipau.ro\/fr\/wp-json\/wp\/v2\/product\/25005","targetHints":{"allow":["GET"]}}],"collection":[{"href":"https:\/\/enipau.ro\/fr\/wp-json\/wp\/v2\/product"}],"about":[{"href":"https:\/\/enipau.ro\/fr\/wp-json\/wp\/v2\/types\/product"}],"replies":[{"embeddable":true,"href":"https:\/\/enipau.ro\/fr\/wp-json\/wp\/v2\/comments?post=25005"}],"wp:featuredmedia":[{"embeddable":true,"href":"https:\/\/enipau.ro\/fr\/wp-json\/wp\/v2\/media\/25006"}],"wp:attachment":[{"href":"https:\/\/enipau.ro\/fr\/wp-json\/wp\/v2\/media?parent=25005"}],"wp:term":[{"taxonomy":"product_brand","embeddable":true,"href":"https:\/\/enipau.ro\/fr\/wp-json\/wp\/v2\/product_brand?post=25005"},{"taxonomy":"product_cat","embeddable":true,"href":"https:\/\/enipau.ro\/fr\/wp-json\/wp\/v2\/product_cat?post=25005"},{"taxonomy":"product_tag","embeddable":true,"href":"https:\/\/enipau.ro\/fr\/wp-json\/wp\/v2\/product_tag?post=25005"}],"curies":[{"name":"wp","href":"https:\/\/api.w.org\/{rel}","templated":true}]}}