{"id":25009,"date":"2021-02-14T14:12:39","date_gmt":"2021-02-14T14:12:39","guid":{"rendered":"https:\/\/enipau.ro\/produs\/uncategorized\/cheville-trika-brick\/"},"modified":"2021-02-14T14:12:39","modified_gmt":"2021-02-14T14:12:39","slug":"cheville-trika-brick","status":"publish","type":"product","link":"https:\/\/enipau.ro\/fr\/produit\/connecteurs-en-bois-quincaillerie\/cheville-trika-brick\/","title":{"rendered":"Cheville TRIKA (Brick)"},"content":{"rendered":"<p>Cheville universelle TRIKA universelle avec collerette pour \u00e9viter le glissement, universelle pour presque tous les mat\u00e9riaux de construction, nervur\u00e9e pour \u00e9viter la torsion dans le mat\u00e9riau de construction.<\/p>\n","protected":false},"excerpt":{"rendered":"<p><strong>Avantage :<\/strong><\/p>\n<ol>\n<li>convient \u00e0 presque tous les mat\u00e9riaux de construction, y compris les briques \u00e0 trous.<\/li>\n<li>a des ailettes pour \u00e9viter la torsion dans le trou.<\/li>\n<\/ol>\n","protected":false},"featured_media":25011,"comment_status":"closed","ping_status":"closed","template":"","meta":{"_acf_changed":false},"product_brand":[],"product_cat":[2052],"product_tag":[],"class_list":{"0":"post-25009","1":"product","2":"type-product","3":"status-publish","4":"has-post-thumbnail","6":"product_cat-connecteurs-en-bois-quincaillerie","8":"first","9":"instock","10":"taxable","11":"shipping-taxable","12":"purchasable","13":"product-type-variable"},"acf":[],"_links":{"self":[{"href":"https:\/\/enipau.ro\/fr\/wp-json\/wp\/v2\/product\/25009","targetHints":{"allow":["GET"]}}],"collection":[{"href":"https:\/\/enipau.ro\/fr\/wp-json\/wp\/v2\/product"}],"about":[{"href":"https:\/\/enipau.ro\/fr\/wp-json\/wp\/v2\/types\/product"}],"replies":[{"embeddable":true,"href":"https:\/\/enipau.ro\/fr\/wp-json\/wp\/v2\/comments?post=25009"}],"wp:featuredmedia":[{"embeddable":true,"href":"https:\/\/enipau.ro\/fr\/wp-json\/wp\/v2\/media\/25011"}],"wp:attachment":[{"href":"https:\/\/enipau.ro\/fr\/wp-json\/wp\/v2\/media?parent=25009"}],"wp:term":[{"taxonomy":"product_brand","embeddable":true,"href":"https:\/\/enipau.ro\/fr\/wp-json\/wp\/v2\/product_brand?post=25009"},{"taxonomy":"product_cat","embeddable":true,"href":"https:\/\/enipau.ro\/fr\/wp-json\/wp\/v2\/product_cat?post=25009"},{"taxonomy":"product_tag","embeddable":true,"href":"https:\/\/enipau.ro\/fr\/wp-json\/wp\/v2\/product_tag?post=25009"}],"curies":[{"name":"wp","href":"https:\/\/api.w.org\/{rel}","templated":true}]}}