{"id":25010,"date":"2021-02-14T13:05:05","date_gmt":"2021-02-14T13:05:05","guid":{"rendered":"https:\/\/enipau.ro\/produs\/uncategorized\/semelle-fixe\/"},"modified":"2021-02-14T13:05:05","modified_gmt":"2021-02-14T13:05:05","slug":"semelle-fixe","status":"publish","type":"product","link":"https:\/\/enipau.ro\/fr\/produit\/connecteurs-en-bois-quincaillerie\/semelle-fixe\/","title":{"rendered":"Semelle fixe"},"content":{"rendered":"<p>Enipau commercialise la semelle fixe en tant qu&#8217;\u00e9l\u00e9ment utile pour l&#8217;assemblage du bois. Elle est utilis\u00e9e pour la construction de maisons, de toits, de garages, de pergolas, de gloriettes, de terrasses, de garde-corps, de cl\u00f4tures, de portails, etc. Elle est fabriqu\u00e9e en t\u00f4le d&#8217;acier galvanis\u00e9e.  <\/p>\n<div class=\"product_section product_section_description\">\n<div class=\"product_section_content\">\n<div class=\"__i\">\n<div class=\"description\">\n<p>&nbsp;<\/p>\n<\/div>\n<\/div>\n<\/div>\n<\/div>\n<div class=\"product_section product_section_specs\">\n<div class=\"product_section_link\">\n<div class=\"data\" data-icon=\"description\" data-id=\"specificatii-produs\" data-title=\"Specificatii\"><\/div>\n<\/div>\n<\/div>\n","protected":false},"excerpt":{"rendered":"<p>Les chapes porteuses jouent un r\u00f4le important dans la fixation des \u00e9l\u00e9ments en bois d&#8217;une construction, notamment les poteaux en bois dans ou sur le b\u00e9ton.  <span style=\"font-weight: 400;\">AxBxC correspond \u00e0 la taille dans le menu, choisissez le bon produit pour votre construction.  <\/span><\/p>\n","protected":false},"featured_media":25012,"comment_status":"closed","ping_status":"closed","template":"","meta":{"_acf_changed":false},"product_brand":[],"product_cat":[2052],"product_tag":[],"class_list":{"0":"post-25010","1":"product","2":"type-product","3":"status-publish","4":"has-post-thumbnail","6":"product_cat-connecteurs-en-bois-quincaillerie","8":"first","9":"instock","10":"taxable","11":"shipping-taxable","12":"purchasable","13":"product-type-variable"},"acf":[],"_links":{"self":[{"href":"https:\/\/enipau.ro\/fr\/wp-json\/wp\/v2\/product\/25010","targetHints":{"allow":["GET"]}}],"collection":[{"href":"https:\/\/enipau.ro\/fr\/wp-json\/wp\/v2\/product"}],"about":[{"href":"https:\/\/enipau.ro\/fr\/wp-json\/wp\/v2\/types\/product"}],"replies":[{"embeddable":true,"href":"https:\/\/enipau.ro\/fr\/wp-json\/wp\/v2\/comments?post=25010"}],"wp:featuredmedia":[{"embeddable":true,"href":"https:\/\/enipau.ro\/fr\/wp-json\/wp\/v2\/media\/25012"}],"wp:attachment":[{"href":"https:\/\/enipau.ro\/fr\/wp-json\/wp\/v2\/media?parent=25010"}],"wp:term":[{"taxonomy":"product_brand","embeddable":true,"href":"https:\/\/enipau.ro\/fr\/wp-json\/wp\/v2\/product_brand?post=25010"},{"taxonomy":"product_cat","embeddable":true,"href":"https:\/\/enipau.ro\/fr\/wp-json\/wp\/v2\/product_cat?post=25010"},{"taxonomy":"product_tag","embeddable":true,"href":"https:\/\/enipau.ro\/fr\/wp-json\/wp\/v2\/product_tag?post=25010"}],"curies":[{"name":"wp","href":"https:\/\/api.w.org\/{rel}","templated":true}]}}