{"id":25025,"date":"2021-02-14T13:12:37","date_gmt":"2021-02-14T13:12:37","guid":{"rendered":"https:\/\/enipau.ro\/produs\/uncategorized\/manchon-encastre-pour-les-poteaux\/"},"modified":"2021-02-14T13:12:37","modified_gmt":"2021-02-14T13:12:37","slug":"manchon-encastre-pour-les-poteaux","status":"publish","type":"product","link":"https:\/\/enipau.ro\/fr\/produit\/connecteurs-en-bois-quincaillerie\/manchon-encastre-pour-les-poteaux\/","title":{"rendered":"Manchon encastr\u00e9 pour les poteaux"},"content":{"rendered":"<p>Nous commercialisons des rev\u00eatements encastr\u00e9s pour les poteaux et autres fixations utiles dans l&#8217;assemblage du bois.<\/p>\n","protected":false},"excerpt":{"rendered":"<p><span style=\"font-weight: 400;\">AxBxC co\u00efncide avec la taille dans le menu, choisissez le bon produit pour votre construction. Le manchon de poteau encastr\u00e9 est un produit destin\u00e9 \u00e0 la fixation et \u00e0 la protection des poteaux en bois utilis\u00e9s pour les cl\u00f4tures, les enclos, les terrasses, les gazebos et les pergolas. <\/span><\/p>\n","protected":false},"featured_media":25027,"comment_status":"closed","ping_status":"closed","template":"","meta":{"_acf_changed":false},"product_brand":[],"product_cat":[2052],"product_tag":[],"class_list":{"0":"post-25025","1":"product","2":"type-product","3":"status-publish","4":"has-post-thumbnail","6":"product_cat-connecteurs-en-bois-quincaillerie","8":"first","9":"instock","10":"taxable","11":"shipping-taxable","12":"purchasable","13":"product-type-variable"},"acf":[],"_links":{"self":[{"href":"https:\/\/enipau.ro\/fr\/wp-json\/wp\/v2\/product\/25025","targetHints":{"allow":["GET"]}}],"collection":[{"href":"https:\/\/enipau.ro\/fr\/wp-json\/wp\/v2\/product"}],"about":[{"href":"https:\/\/enipau.ro\/fr\/wp-json\/wp\/v2\/types\/product"}],"replies":[{"embeddable":true,"href":"https:\/\/enipau.ro\/fr\/wp-json\/wp\/v2\/comments?post=25025"}],"wp:featuredmedia":[{"embeddable":true,"href":"https:\/\/enipau.ro\/fr\/wp-json\/wp\/v2\/media\/25027"}],"wp:attachment":[{"href":"https:\/\/enipau.ro\/fr\/wp-json\/wp\/v2\/media?parent=25025"}],"wp:term":[{"taxonomy":"product_brand","embeddable":true,"href":"https:\/\/enipau.ro\/fr\/wp-json\/wp\/v2\/product_brand?post=25025"},{"taxonomy":"product_cat","embeddable":true,"href":"https:\/\/enipau.ro\/fr\/wp-json\/wp\/v2\/product_cat?post=25025"},{"taxonomy":"product_tag","embeddable":true,"href":"https:\/\/enipau.ro\/fr\/wp-json\/wp\/v2\/product_tag?post=25025"}],"curies":[{"name":"wp","href":"https:\/\/api.w.org\/{rel}","templated":true}]}}