{"id":25035,"date":"2021-02-14T14:17:05","date_gmt":"2021-02-14T14:17:05","guid":{"rendered":"https:\/\/enipau.ro\/produs\/uncategorized\/cheville-tretafix-tfs-beton\/"},"modified":"2021-02-14T14:17:05","modified_gmt":"2021-02-14T14:17:05","slug":"cheville-tretafix-tfs-beton","status":"publish","type":"product","link":"https:\/\/enipau.ro\/fr\/produit\/connecteurs-en-bois-quincaillerie\/cheville-tretafix-tfs-beton\/","title":{"rendered":"Cheville TRETAFIX TFS (B\u00e9ton)"},"content":{"rendered":"<p>Tetrafix Cheville est utilis\u00e9 pour les fixations courantes dans le b\u00e9ton, la ma\u00e7onnerie, les plaques de pl\u00e2tre et les carreaux de pl\u00e2tre.<\/p>\n","protected":false},"excerpt":{"rendered":"<p><strong>Avantage :<\/strong><\/p>\n<ol>\n<li>clou \u00e0 percussion en acier<\/li>\n<li>protection contre la corrosion, zingu\u00e9e<\/li>\n<li>peut \u00eatre utilis\u00e9 sur les supports suivants : B\u00e9ton<\/li>\n<\/ol>\n","protected":false},"featured_media":25031,"comment_status":"closed","ping_status":"closed","template":"","meta":{"_acf_changed":false},"product_brand":[],"product_cat":[2052],"product_tag":[],"class_list":{"0":"post-25035","1":"product","2":"type-product","3":"status-publish","4":"has-post-thumbnail","6":"product_cat-connecteurs-en-bois-quincaillerie","8":"first","9":"instock","10":"taxable","11":"shipping-taxable","12":"purchasable","13":"product-type-variable"},"acf":[],"_links":{"self":[{"href":"https:\/\/enipau.ro\/fr\/wp-json\/wp\/v2\/product\/25035","targetHints":{"allow":["GET"]}}],"collection":[{"href":"https:\/\/enipau.ro\/fr\/wp-json\/wp\/v2\/product"}],"about":[{"href":"https:\/\/enipau.ro\/fr\/wp-json\/wp\/v2\/types\/product"}],"replies":[{"embeddable":true,"href":"https:\/\/enipau.ro\/fr\/wp-json\/wp\/v2\/comments?post=25035"}],"wp:featuredmedia":[{"embeddable":true,"href":"https:\/\/enipau.ro\/fr\/wp-json\/wp\/v2\/media\/25031"}],"wp:attachment":[{"href":"https:\/\/enipau.ro\/fr\/wp-json\/wp\/v2\/media?parent=25035"}],"wp:term":[{"taxonomy":"product_brand","embeddable":true,"href":"https:\/\/enipau.ro\/fr\/wp-json\/wp\/v2\/product_brand?post=25035"},{"taxonomy":"product_cat","embeddable":true,"href":"https:\/\/enipau.ro\/fr\/wp-json\/wp\/v2\/product_cat?post=25035"},{"taxonomy":"product_tag","embeddable":true,"href":"https:\/\/enipau.ro\/fr\/wp-json\/wp\/v2\/product_tag?post=25035"}],"curies":[{"name":"wp","href":"https:\/\/api.w.org\/{rel}","templated":true}]}}