{"id":25049,"date":"2021-02-14T14:25:37","date_gmt":"2021-02-14T14:25:37","guid":{"rendered":"https:\/\/enipau.ro\/produs\/uncategorized\/cheville-deco-4as-k-brique-beton-cellulaire-polystyrene\/"},"modified":"2021-02-14T14:25:37","modified_gmt":"2021-02-14T14:25:37","slug":"cheville-deco-4as-k-brique-beton-cellulaire-polystyrene","status":"publish","type":"product","link":"https:\/\/enipau.ro\/fr\/produit\/connecteurs-en-bois-quincaillerie\/cheville-deco-4as-k-brique-beton-cellulaire-polystyrene\/","title":{"rendered":"Cheville DECO 4AS-K (Brique, B\u00e9ton cellulaire, Polystyr\u00e8ne)"},"content":{"rendered":"<p>Fabriqu\u00e9 en plastique de haute qualit\u00e9, Cheville DECO peut \u00eatre utilis\u00e9 pour fixer divers objets et accessoires dans le b\u00e9ton, la brique, le polystyr\u00e8ne et les plaques de pl\u00e2tre.<\/p>\n<p>&nbsp;<\/p>\n","protected":false},"excerpt":{"rendered":"<p><strong>Avantage :<\/strong><\/p>\n<ol>\n<li>facile \u00e0 utiliser<\/li>\n<li>peut \u00eatre utilis\u00e9 pour des fixations dans diff\u00e9rents mat\u00e9riaux<\/li>\n<li>est r\u00e9sistant aux produits chimiques<\/li>\n<\/ol>\n","protected":false},"featured_media":25032,"comment_status":"closed","ping_status":"closed","template":"","meta":{"_acf_changed":false},"product_brand":[],"product_cat":[2052],"product_tag":[],"class_list":{"0":"post-25049","1":"product","2":"type-product","3":"status-publish","4":"has-post-thumbnail","6":"product_cat-connecteurs-en-bois-quincaillerie","8":"first","9":"instock","10":"taxable","11":"shipping-taxable","12":"purchasable","13":"product-type-variable"},"acf":[],"_links":{"self":[{"href":"https:\/\/enipau.ro\/fr\/wp-json\/wp\/v2\/product\/25049","targetHints":{"allow":["GET"]}}],"collection":[{"href":"https:\/\/enipau.ro\/fr\/wp-json\/wp\/v2\/product"}],"about":[{"href":"https:\/\/enipau.ro\/fr\/wp-json\/wp\/v2\/types\/product"}],"replies":[{"embeddable":true,"href":"https:\/\/enipau.ro\/fr\/wp-json\/wp\/v2\/comments?post=25049"}],"wp:featuredmedia":[{"embeddable":true,"href":"https:\/\/enipau.ro\/fr\/wp-json\/wp\/v2\/media\/25032"}],"wp:attachment":[{"href":"https:\/\/enipau.ro\/fr\/wp-json\/wp\/v2\/media?parent=25049"}],"wp:term":[{"taxonomy":"product_brand","embeddable":true,"href":"https:\/\/enipau.ro\/fr\/wp-json\/wp\/v2\/product_brand?post=25049"},{"taxonomy":"product_cat","embeddable":true,"href":"https:\/\/enipau.ro\/fr\/wp-json\/wp\/v2\/product_cat?post=25049"},{"taxonomy":"product_tag","embeddable":true,"href":"https:\/\/enipau.ro\/fr\/wp-json\/wp\/v2\/product_tag?post=25049"}],"curies":[{"name":"wp","href":"https:\/\/api.w.org\/{rel}","templated":true}]}}