{"id":25054,"date":"2021-02-14T14:31:10","date_gmt":"2021-02-14T14:31:10","guid":{"rendered":"https:\/\/enipau.ro\/produs\/uncategorized\/cheville-bizeps-psd-brique\/"},"modified":"2021-02-14T14:31:10","modified_gmt":"2021-02-14T14:31:10","slug":"cheville-bizeps-psd-brique","status":"publish","type":"product","link":"https:\/\/enipau.ro\/fr\/produit\/connecteurs-en-bois-quincaillerie\/cheville-bizeps-psd-brique\/","title":{"rendered":"Cheville BIZEPS PSD (Brique)"},"content":{"rendered":"<p>Le mod\u00e8le PSD BIZEPS est utilis\u00e9 pour fixer divers objets dans des mat\u00e9riaux en briques.<\/p>\n","protected":false},"excerpt":{"rendered":"<p><strong>Avantage :<\/strong><\/p>\n<ol>\n<li>peut \u00eatre utilis\u00e9 pour les fixations de briques<\/li>\n<li>haute qualit\u00e9<\/li>\n<li>la durabilit\u00e9<\/li>\n<\/ol>\n<p>&nbsp;<\/p>\n","protected":false},"featured_media":25033,"comment_status":"closed","ping_status":"closed","template":"","meta":{"_acf_changed":false},"product_brand":[],"product_cat":[2052],"product_tag":[],"class_list":{"0":"post-25054","1":"product","2":"type-product","3":"status-publish","4":"has-post-thumbnail","6":"product_cat-connecteurs-en-bois-quincaillerie","8":"first","9":"instock","10":"taxable","11":"shipping-taxable","12":"purchasable","13":"product-type-variable"},"acf":[],"_links":{"self":[{"href":"https:\/\/enipau.ro\/fr\/wp-json\/wp\/v2\/product\/25054","targetHints":{"allow":["GET"]}}],"collection":[{"href":"https:\/\/enipau.ro\/fr\/wp-json\/wp\/v2\/product"}],"about":[{"href":"https:\/\/enipau.ro\/fr\/wp-json\/wp\/v2\/types\/product"}],"replies":[{"embeddable":true,"href":"https:\/\/enipau.ro\/fr\/wp-json\/wp\/v2\/comments?post=25054"}],"wp:featuredmedia":[{"embeddable":true,"href":"https:\/\/enipau.ro\/fr\/wp-json\/wp\/v2\/media\/25033"}],"wp:attachment":[{"href":"https:\/\/enipau.ro\/fr\/wp-json\/wp\/v2\/media?parent=25054"}],"wp:term":[{"taxonomy":"product_brand","embeddable":true,"href":"https:\/\/enipau.ro\/fr\/wp-json\/wp\/v2\/product_brand?post=25054"},{"taxonomy":"product_cat","embeddable":true,"href":"https:\/\/enipau.ro\/fr\/wp-json\/wp\/v2\/product_cat?post=25054"},{"taxonomy":"product_tag","embeddable":true,"href":"https:\/\/enipau.ro\/fr\/wp-json\/wp\/v2\/product_tag?post=25054"}],"curies":[{"name":"wp","href":"https:\/\/api.w.org\/{rel}","templated":true}]}}