{"id":25065,"date":"2021-02-28T09:03:29","date_gmt":"2021-02-28T09:03:29","guid":{"rendered":"https:\/\/enipau.ro\/produs\/uncategorized\/element-de-cloture-4\/"},"modified":"2021-02-28T09:03:29","modified_gmt":"2021-02-28T09:03:29","slug":"element-de-cloture-4","status":"publish","type":"product","link":"https:\/\/enipau.ro\/fr\/produit\/elements-de-cloture-en-bois\/element-de-cloture-4\/","title":{"rendered":"\u00c9l\u00e9ment de cl\u00f4ture 4"},"content":{"rendered":"<p>Le bois \u00e0 partir duquel elles sont fabriqu\u00e9es a \u00e9t\u00e9 s\u00e9ch\u00e9 pour obtenir une qualit\u00e9 sup\u00e9rieure. Ces cl\u00f4tures sont faciles \u00e0 assembler et sont id\u00e9ales pour cl\u00f4turer votre propri\u00e9t\u00e9, tout en \u00e9tant un ajout attrayant \u00e0 votre jardin. Le bois est trait\u00e9 antiseptiquement pour d\u00e9truire les parasites et le traitement garantit une consommation de mat\u00e9riau qui prot\u00e8ge la surface.<\/p>\n","protected":false},"excerpt":{"rendered":"<p>Nous proposons des \u00e9l\u00e9ments de cl\u00f4ture profil\u00e9s de diff\u00e9rentes tailles, pr\u00eats \u00e0 \u00eatre install\u00e9s et peints. Ce type d&#8217;\u00e9l\u00e9ment est fix\u00e9 \u00e0 la cl\u00f4ture et pr\u00e9sente un sommet arrondi \u00e0 une extr\u00e9mit\u00e9. \u00c0 la demande du client, Enipau r\u00e9alise des profilages sur mesure, des finitions suppl\u00e9mentaires, ainsi que le traitement ou la peinture des \u00e9l\u00e9ments de cl\u00f4ture.  <\/p>\n","protected":false},"featured_media":25067,"comment_status":"closed","ping_status":"closed","template":"","meta":{"_acf_changed":false},"product_brand":[],"product_cat":[2105],"product_tag":[],"class_list":{"0":"post-25065","1":"product","2":"type-product","3":"status-publish","4":"has-post-thumbnail","6":"product_cat-elements-de-cloture-en-bois","8":"first","9":"instock","10":"taxable","11":"shipping-taxable","12":"purchasable","13":"product-type-variable","14":"has-default-attributes"},"acf":[],"_links":{"self":[{"href":"https:\/\/enipau.ro\/fr\/wp-json\/wp\/v2\/product\/25065","targetHints":{"allow":["GET"]}}],"collection":[{"href":"https:\/\/enipau.ro\/fr\/wp-json\/wp\/v2\/product"}],"about":[{"href":"https:\/\/enipau.ro\/fr\/wp-json\/wp\/v2\/types\/product"}],"replies":[{"embeddable":true,"href":"https:\/\/enipau.ro\/fr\/wp-json\/wp\/v2\/comments?post=25065"}],"wp:featuredmedia":[{"embeddable":true,"href":"https:\/\/enipau.ro\/fr\/wp-json\/wp\/v2\/media\/25067"}],"wp:attachment":[{"href":"https:\/\/enipau.ro\/fr\/wp-json\/wp\/v2\/media?parent=25065"}],"wp:term":[{"taxonomy":"product_brand","embeddable":true,"href":"https:\/\/enipau.ro\/fr\/wp-json\/wp\/v2\/product_brand?post=25065"},{"taxonomy":"product_cat","embeddable":true,"href":"https:\/\/enipau.ro\/fr\/wp-json\/wp\/v2\/product_cat?post=25065"},{"taxonomy":"product_tag","embeddable":true,"href":"https:\/\/enipau.ro\/fr\/wp-json\/wp\/v2\/product_tag?post=25065"}],"curies":[{"name":"wp","href":"https:\/\/api.w.org\/{rel}","templated":true}]}}