{"id":25066,"date":"2021-02-14T14:37:01","date_gmt":"2021-02-14T14:37:01","guid":{"rendered":"https:\/\/enipau.ro\/produs\/uncategorized\/ancre-metallique-sx-tox\/"},"modified":"2021-02-14T14:37:01","modified_gmt":"2021-02-14T14:37:01","slug":"ancre-metallique-sx-tox","status":"publish","type":"product","link":"https:\/\/enipau.ro\/fr\/produit\/connecteurs-en-bois-quincaillerie\/ancre-metallique-sx-tox\/","title":{"rendered":"Ancre m\u00e9tallique SX TOX"},"content":{"rendered":"<p>S&#8217;utilise pour les b\u00e9tons non durcis destin\u00e9s \u00e0 la r\u00e9alisation de chapes. Supporte des charges statiques ou quasi-statiques moyennes et lourdes.<\/p>\n","protected":false},"excerpt":{"rendered":"<p>Fabriqu\u00e9e en m\u00e9tal, la cheville peut \u00eatre utilis\u00e9e pour fixer diverses structures dans le b\u00e9ton.<\/p>\n","protected":false},"featured_media":25069,"comment_status":"closed","ping_status":"closed","template":"","meta":{"_acf_changed":false},"product_brand":[],"product_cat":[2052],"product_tag":[],"class_list":{"0":"post-25066","1":"product","2":"type-product","3":"status-publish","4":"has-post-thumbnail","6":"product_cat-connecteurs-en-bois-quincaillerie","8":"first","9":"instock","10":"taxable","11":"shipping-taxable","12":"purchasable","13":"product-type-variable"},"acf":[],"_links":{"self":[{"href":"https:\/\/enipau.ro\/fr\/wp-json\/wp\/v2\/product\/25066","targetHints":{"allow":["GET"]}}],"collection":[{"href":"https:\/\/enipau.ro\/fr\/wp-json\/wp\/v2\/product"}],"about":[{"href":"https:\/\/enipau.ro\/fr\/wp-json\/wp\/v2\/types\/product"}],"replies":[{"embeddable":true,"href":"https:\/\/enipau.ro\/fr\/wp-json\/wp\/v2\/comments?post=25066"}],"wp:featuredmedia":[{"embeddable":true,"href":"https:\/\/enipau.ro\/fr\/wp-json\/wp\/v2\/media\/25069"}],"wp:attachment":[{"href":"https:\/\/enipau.ro\/fr\/wp-json\/wp\/v2\/media?parent=25066"}],"wp:term":[{"taxonomy":"product_brand","embeddable":true,"href":"https:\/\/enipau.ro\/fr\/wp-json\/wp\/v2\/product_brand?post=25066"},{"taxonomy":"product_cat","embeddable":true,"href":"https:\/\/enipau.ro\/fr\/wp-json\/wp\/v2\/product_cat?post=25066"},{"taxonomy":"product_tag","embeddable":true,"href":"https:\/\/enipau.ro\/fr\/wp-json\/wp\/v2\/product_tag?post=25066"}],"curies":[{"name":"wp","href":"https:\/\/api.w.org\/{rel}","templated":true}]}}