{"id":25089,"date":"2021-02-28T09:09:52","date_gmt":"2021-02-28T09:09:52","guid":{"rendered":"https:\/\/enipau.ro\/produs\/uncategorized\/element-de-cloture-5\/"},"modified":"2021-02-28T09:09:52","modified_gmt":"2021-02-28T09:09:52","slug":"element-de-cloture-5","status":"publish","type":"product","link":"https:\/\/enipau.ro\/fr\/produit\/elements-de-cloture-en-bois\/element-de-cloture-5\/","title":{"rendered":"\u00c9l\u00e9ment de cl\u00f4ture 5"},"content":{"rendered":"<p>Les \u00e9l\u00e9ments de cl\u00f4ture sont con\u00e7us pour \u00eatre construits en posant les \u00e9l\u00e9ments verticalement, avec une cloison, formant une cl\u00f4ture l\u00e2che et a\u00e9r\u00e9e, permettant une ventilation naturelle de l&#8217;air et offrant l&#8217;espace intime n\u00e9cessaire \u00e0 une propri\u00e9t\u00e9. Le bois est trait\u00e9 antiseptiquement pour d\u00e9truire les parasites et le traitement garantit une consommation de mat\u00e9riau qui assure la protection de la surface.<\/p>\n","protected":false},"excerpt":{"rendered":"<p>Ce type d&#8217;\u00e9l\u00e9ments est fix\u00e9 \u00e0 la braie et pr\u00e9sente un sommet arrondi \u00e0 une extr\u00e9mit\u00e9. \u00c0 la demande du client, Enipau r\u00e9alise des profilages sur mesure, des finitions suppl\u00e9mentaires, ainsi que le traitement ou la peinture des \u00e9l\u00e9ments de cl\u00f4ture. Nous proposons des \u00e9l\u00e9ments de cl\u00f4ture profil\u00e9s de diff\u00e9rentes tailles, pr\u00eats \u00e0 \u00eatre install\u00e9s et peints.  <\/p>\n","protected":false},"featured_media":25090,"comment_status":"closed","ping_status":"closed","template":"","meta":{"_acf_changed":false},"product_brand":[],"product_cat":[2105],"product_tag":[],"class_list":{"0":"post-25089","1":"product","2":"type-product","3":"status-publish","4":"has-post-thumbnail","6":"product_cat-elements-de-cloture-en-bois","8":"first","9":"instock","10":"taxable","11":"shipping-taxable","12":"purchasable","13":"product-type-variable","14":"has-default-attributes"},"acf":[],"_links":{"self":[{"href":"https:\/\/enipau.ro\/fr\/wp-json\/wp\/v2\/product\/25089","targetHints":{"allow":["GET"]}}],"collection":[{"href":"https:\/\/enipau.ro\/fr\/wp-json\/wp\/v2\/product"}],"about":[{"href":"https:\/\/enipau.ro\/fr\/wp-json\/wp\/v2\/types\/product"}],"replies":[{"embeddable":true,"href":"https:\/\/enipau.ro\/fr\/wp-json\/wp\/v2\/comments?post=25089"}],"wp:featuredmedia":[{"embeddable":true,"href":"https:\/\/enipau.ro\/fr\/wp-json\/wp\/v2\/media\/25090"}],"wp:attachment":[{"href":"https:\/\/enipau.ro\/fr\/wp-json\/wp\/v2\/media?parent=25089"}],"wp:term":[{"taxonomy":"product_brand","embeddable":true,"href":"https:\/\/enipau.ro\/fr\/wp-json\/wp\/v2\/product_brand?post=25089"},{"taxonomy":"product_cat","embeddable":true,"href":"https:\/\/enipau.ro\/fr\/wp-json\/wp\/v2\/product_cat?post=25089"},{"taxonomy":"product_tag","embeddable":true,"href":"https:\/\/enipau.ro\/fr\/wp-json\/wp\/v2\/product_tag?post=25089"}],"curies":[{"name":"wp","href":"https:\/\/api.w.org\/{rel}","templated":true}]}}