{"id":25104,"date":"2021-03-23T15:49:31","date_gmt":"2021-03-23T15:49:31","guid":{"rendered":"https:\/\/enipau.ro\/produs\/uncategorized\/papuc-reazem-acier-inoxydable-enipau\/"},"modified":"2025-04-16T14:05:15","modified_gmt":"2025-04-16T14:05:15","slug":"sabot-dappui-en-acier-inoxydable","status":"publish","type":"product","link":"https:\/\/enipau.ro\/fr\/produit\/connecteurs-en-bois-quincaillerie\/sabot-dappui-en-acier-inoxydable\/","title":{"rendered":"Sabot d&#8217;appui en acier inoxydable Enipau"},"content":{"rendered":"<p>Enipau fabrique des bases en acier inoxydable, un \u00e9l\u00e9ment utile pour l&#8217;assemblage du bois. Il est utilis\u00e9 pour la construction de maisons, de toits, de garages, de pergolas, de gloriettes, de terrasses, de garde-corps, de cl\u00f4tures, de portails, etc. Il est fabriqu\u00e9 en t\u00f4le d&#8217;acier galvanis\u00e9e.<\/p>\n<div class=\"product_section product_section_description\">\n<div class=\"product_section_content\">\n<div class=\"__i\">\n<div class=\"description\">\n<p><strong>*Les supports contiennent 6 boulons de 8*50 avec capuchon et 2 ancres m\u00e9talliques de 10*100.<\/strong><\/p>\n<\/div>\n<\/div>\n<\/div>\n<\/div>\n<div class=\"product_section product_section_specs\">\n<div class=\"product_section_link\">\n<div class=\"data\" data-icon=\"description\" data-id=\"specificatii-produs\" data-title=\"Specificatii\"><\/div>\n<\/div>\n<\/div>\n","protected":false},"excerpt":{"rendered":"<p>Les ancrages jouent un r\u00f4le important dans la fixation des \u00e9l\u00e9ments en bois d&#8217;une construction, notamment des poteaux en bois dans ou sur le b\u00e9ton. Ces sabots d&#8217;ancrage autofabriqu\u00e9s, qui ne rouillent pas et durent longtemps, sont con\u00e7us pour \u00eatre utilis\u00e9s dans des zones humides et s\u00e8ches. Le design comprend une couleur l\u00e9g\u00e8rement fonc\u00e9e pour un motif architectural moderne.<\/p>\n","protected":false},"featured_media":25109,"comment_status":"closed","ping_status":"closed","template":"","meta":{"_acf_changed":false},"product_brand":[],"product_cat":[2052],"product_tag":[],"class_list":{"0":"post-25104","1":"product","2":"type-product","3":"status-publish","4":"has-post-thumbnail","6":"product_cat-connecteurs-en-bois-quincaillerie","8":"first","9":"instock","10":"taxable","11":"shipping-taxable","12":"purchasable","13":"product-type-variable"},"acf":[],"_links":{"self":[{"href":"https:\/\/enipau.ro\/fr\/wp-json\/wp\/v2\/product\/25104","targetHints":{"allow":["GET"]}}],"collection":[{"href":"https:\/\/enipau.ro\/fr\/wp-json\/wp\/v2\/product"}],"about":[{"href":"https:\/\/enipau.ro\/fr\/wp-json\/wp\/v2\/types\/product"}],"replies":[{"embeddable":true,"href":"https:\/\/enipau.ro\/fr\/wp-json\/wp\/v2\/comments?post=25104"}],"wp:featuredmedia":[{"embeddable":true,"href":"https:\/\/enipau.ro\/fr\/wp-json\/wp\/v2\/media\/25109"}],"wp:attachment":[{"href":"https:\/\/enipau.ro\/fr\/wp-json\/wp\/v2\/media?parent=25104"}],"wp:term":[{"taxonomy":"product_brand","embeddable":true,"href":"https:\/\/enipau.ro\/fr\/wp-json\/wp\/v2\/product_brand?post=25104"},{"taxonomy":"product_cat","embeddable":true,"href":"https:\/\/enipau.ro\/fr\/wp-json\/wp\/v2\/product_cat?post=25104"},{"taxonomy":"product_tag","embeddable":true,"href":"https:\/\/enipau.ro\/fr\/wp-json\/wp\/v2\/product_tag?post=25104"}],"curies":[{"name":"wp","href":"https:\/\/api.w.org\/{rel}","templated":true}]}}