{"id":25130,"date":"2021-03-23T16:21:09","date_gmt":"2021-03-23T16:21:09","guid":{"rendered":"https:\/\/enipau.ro\/produs\/uncategorized\/semelle-metallique-enipau\/"},"modified":"2021-03-23T16:21:09","modified_gmt":"2021-03-23T16:21:09","slug":"semelle-metallique-enipau","status":"publish","type":"product","link":"https:\/\/enipau.ro\/fr\/produit\/connecteurs-en-bois-quincaillerie\/semelle-metallique-enipau\/","title":{"rendered":"Semelle m\u00e9tallique enipau"},"content":{"rendered":"<p>Tous ces accessoires de fixation et de support en bois sont des produits propres \u00e0 Enipau pour un assemblage facile, inspir\u00e9 par le design moderne.<\/p>\n","protected":false},"excerpt":{"rendered":"<p>Ce connecteur pour la construction en bois est fabriqu\u00e9 dans un mat\u00e9riau durable et de haute qualit\u00e9 et permet d&#8217;assembler facilement les profil\u00e9s en bois.<\/p>\n","protected":false},"featured_media":25134,"comment_status":"closed","ping_status":"closed","template":"","meta":{"_acf_changed":false},"product_brand":[],"product_cat":[2052],"product_tag":[],"class_list":{"0":"post-25130","1":"product","2":"type-product","3":"status-publish","4":"has-post-thumbnail","6":"product_cat-connecteurs-en-bois-quincaillerie","8":"first","9":"instock","10":"taxable","11":"shipping-taxable","12":"purchasable","13":"product-type-variable"},"acf":[],"_links":{"self":[{"href":"https:\/\/enipau.ro\/fr\/wp-json\/wp\/v2\/product\/25130","targetHints":{"allow":["GET"]}}],"collection":[{"href":"https:\/\/enipau.ro\/fr\/wp-json\/wp\/v2\/product"}],"about":[{"href":"https:\/\/enipau.ro\/fr\/wp-json\/wp\/v2\/types\/product"}],"replies":[{"embeddable":true,"href":"https:\/\/enipau.ro\/fr\/wp-json\/wp\/v2\/comments?post=25130"}],"wp:featuredmedia":[{"embeddable":true,"href":"https:\/\/enipau.ro\/fr\/wp-json\/wp\/v2\/media\/25134"}],"wp:attachment":[{"href":"https:\/\/enipau.ro\/fr\/wp-json\/wp\/v2\/media?parent=25130"}],"wp:term":[{"taxonomy":"product_brand","embeddable":true,"href":"https:\/\/enipau.ro\/fr\/wp-json\/wp\/v2\/product_brand?post=25130"},{"taxonomy":"product_cat","embeddable":true,"href":"https:\/\/enipau.ro\/fr\/wp-json\/wp\/v2\/product_cat?post=25130"},{"taxonomy":"product_tag","embeddable":true,"href":"https:\/\/enipau.ro\/fr\/wp-json\/wp\/v2\/product_tag?post=25130"}],"curies":[{"name":"wp","href":"https:\/\/api.w.org\/{rel}","templated":true}]}}