{"id":25161,"date":"2021-02-17T16:27:08","date_gmt":"2021-02-17T16:27:08","guid":{"rendered":"https:\/\/enipau.ro\/produs\/uncategorized\/vis-a-tete-spherique-spax\/"},"modified":"2021-02-17T16:27:08","modified_gmt":"2021-02-17T16:27:08","slug":"vis-a-tete-spherique-spax","status":"publish","type":"product","link":"https:\/\/enipau.ro\/fr\/produit\/connecteurs-en-bois-quincaillerie\/vis-a-tete-spherique-spax\/","title":{"rendered":"Vis \u00e0 t\u00eate sph\u00e9rique SPAX"},"content":{"rendered":"<p>Enipau propose des vis SPAX adapt\u00e9es \u00e0 l&#8217;ex\u00e9cution de joints de bois complexes et d\u00e9licats. Les vis sont dot\u00e9es d&#8217;un bord dentel\u00e9, d&#8217;une pointe 4CUT et d&#8217;une surface de glissement. Elles permettent un serrage rapide, m\u00eame sur du bois trait\u00e9. Elles ne n\u00e9cessitent aucune pr\u00e9paration et r\u00e9duisent les risques de fissuration du bois.<\/p>\n","protected":false},"excerpt":{"rendered":"<p>Vis SPAX en acier inoxydable avec bord dentel\u00e9 et pointe 4CUT. Les vis SPAX sont utilis\u00e9es dans les constructions en bois telles que les grandes structures ou les finitions, tant \u00e0 l&#8217;int\u00e9rieur qu&#8217;\u00e0 l&#8217;ext\u00e9rieur. Elles sont utilis\u00e9es pour assembler des placages de bois, des mat\u00e9riaux en bois, des constructions en escalier, des cl\u00f4tures, etc.  <\/p>\n","protected":false},"featured_media":25162,"comment_status":"closed","ping_status":"closed","template":"","meta":{"_acf_changed":false},"product_brand":[],"product_cat":[2052],"product_tag":[],"class_list":{"0":"post-25161","1":"product","2":"type-product","3":"status-publish","4":"has-post-thumbnail","6":"product_cat-connecteurs-en-bois-quincaillerie","8":"first","9":"instock","10":"taxable","11":"shipping-taxable","12":"purchasable","13":"product-type-variable"},"acf":[],"_links":{"self":[{"href":"https:\/\/enipau.ro\/fr\/wp-json\/wp\/v2\/product\/25161","targetHints":{"allow":["GET"]}}],"collection":[{"href":"https:\/\/enipau.ro\/fr\/wp-json\/wp\/v2\/product"}],"about":[{"href":"https:\/\/enipau.ro\/fr\/wp-json\/wp\/v2\/types\/product"}],"replies":[{"embeddable":true,"href":"https:\/\/enipau.ro\/fr\/wp-json\/wp\/v2\/comments?post=25161"}],"wp:featuredmedia":[{"embeddable":true,"href":"https:\/\/enipau.ro\/fr\/wp-json\/wp\/v2\/media\/25162"}],"wp:attachment":[{"href":"https:\/\/enipau.ro\/fr\/wp-json\/wp\/v2\/media?parent=25161"}],"wp:term":[{"taxonomy":"product_brand","embeddable":true,"href":"https:\/\/enipau.ro\/fr\/wp-json\/wp\/v2\/product_brand?post=25161"},{"taxonomy":"product_cat","embeddable":true,"href":"https:\/\/enipau.ro\/fr\/wp-json\/wp\/v2\/product_cat?post=25161"},{"taxonomy":"product_tag","embeddable":true,"href":"https:\/\/enipau.ro\/fr\/wp-json\/wp\/v2\/product_tag?post=25161"}],"curies":[{"name":"wp","href":"https:\/\/api.w.org\/{rel}","templated":true}]}}