{"id":25187,"date":"2021-03-23T16:24:37","date_gmt":"2021-03-23T16:24:37","guid":{"rendered":"https:\/\/enipau.ro\/produs\/uncategorized\/element-dangle-enipau\/"},"modified":"2021-03-23T16:24:37","modified_gmt":"2021-03-23T16:24:37","slug":"element-dangle-enipau","status":"publish","type":"product","link":"https:\/\/enipau.ro\/fr\/produit\/connecteurs-en-bois-quincaillerie\/element-dangle-enipau\/","title":{"rendered":"\u00c9l\u00e9ment d&#8217;angle Enipau"},"content":{"rendered":"<p>Enipau produit des \u00e9l\u00e9ments d&#8217;angle utiles pour l&#8217;assemblage ou la fixation du bois. Il est utilis\u00e9 dans la construction de maisons, de toits, de garages, de pergolas, de gloriettes, de terrasses, de garde-corps, de cl\u00f4tures, de portails, etc. Il est fabriqu\u00e9 en m\u00e9tal durable, de haute qualit\u00e9 et r\u00e9sistant \u00e0 l&#8217;environnement.<\/p>\n","protected":false},"excerpt":{"rendered":"<p>Comprend 6 vis avec une t\u00eate de rondelle 8*50. La fa\u00e7on la plus courante de fixer le bois est d&#8217;utiliser des boulons d&#8217;angle, des boulons en &#8220;T&#8221; ou des boulons d&#8217;orteil. Tous ces accessoires de fixation et de support du bois sont des produits propres \u00e0 Enipau pour un assemblage facile, inspir\u00e9 par le design moderne.  <\/p>\n","protected":false},"featured_media":25138,"comment_status":"closed","ping_status":"closed","template":"","meta":{"_acf_changed":false},"product_brand":[],"product_cat":[2052],"product_tag":[],"class_list":{"0":"post-25187","1":"product","2":"type-product","3":"status-publish","4":"has-post-thumbnail","6":"product_cat-connecteurs-en-bois-quincaillerie","8":"first","9":"instock","10":"taxable","11":"shipping-taxable","12":"purchasable","13":"product-type-variable"},"acf":[],"_links":{"self":[{"href":"https:\/\/enipau.ro\/fr\/wp-json\/wp\/v2\/product\/25187","targetHints":{"allow":["GET"]}}],"collection":[{"href":"https:\/\/enipau.ro\/fr\/wp-json\/wp\/v2\/product"}],"about":[{"href":"https:\/\/enipau.ro\/fr\/wp-json\/wp\/v2\/types\/product"}],"replies":[{"embeddable":true,"href":"https:\/\/enipau.ro\/fr\/wp-json\/wp\/v2\/comments?post=25187"}],"wp:featuredmedia":[{"embeddable":true,"href":"https:\/\/enipau.ro\/fr\/wp-json\/wp\/v2\/media\/25138"}],"wp:attachment":[{"href":"https:\/\/enipau.ro\/fr\/wp-json\/wp\/v2\/media?parent=25187"}],"wp:term":[{"taxonomy":"product_brand","embeddable":true,"href":"https:\/\/enipau.ro\/fr\/wp-json\/wp\/v2\/product_brand?post=25187"},{"taxonomy":"product_cat","embeddable":true,"href":"https:\/\/enipau.ro\/fr\/wp-json\/wp\/v2\/product_cat?post=25187"},{"taxonomy":"product_tag","embeddable":true,"href":"https:\/\/enipau.ro\/fr\/wp-json\/wp\/v2\/product_tag?post=25187"}],"curies":[{"name":"wp","href":"https:\/\/api.w.org\/{rel}","templated":true}]}}