{"id":25190,"date":"2021-03-23T16:40:52","date_gmt":"2021-03-23T16:40:52","guid":{"rendered":"https:\/\/enipau.ro\/produs\/uncategorized\/enipau-t-joint\/"},"modified":"2021-03-23T16:40:52","modified_gmt":"2021-03-23T16:40:52","slug":"enipau-t-joint","status":"publish","type":"product","link":"https:\/\/enipau.ro\/fr\/produit\/connecteurs-en-bois-quincaillerie\/enipau-t-joint\/","title":{"rendered":"Enipau T-joint"},"content":{"rendered":"<p>Les \u00e9l\u00e9ments d&#8217;assemblage en T Enipau sont notre propre production et sont tr\u00e8s faciles \u00e0 assembler lors du traitement des profil\u00e9s en bois. Ils sont utilis\u00e9s pour la fixation de poteaux en bois sur des surfaces en b\u00e9ton ou des terrasses en bois, la fixation de poteaux en bois ou d&#8217;\u00e9l\u00e9ments de cl\u00f4ture dans le sol. <\/p>\n<p>&nbsp;<\/p>\n<p>&nbsp;<\/p>\n","protected":false},"excerpt":{"rendered":"<p>Comprend 8 vis avec t\u00eate de rondelle 8*50. Ces mod\u00e8les de la marque Enipau sont d&#8217;une qualit\u00e9 sp\u00e9ciale, avec une durabilit\u00e9 accrue et un design de couleur claire et fonc\u00e9e pour une architecture de construction \u00e9pur\u00e9e. <\/p>\n","protected":false},"featured_media":25191,"comment_status":"closed","ping_status":"closed","template":"","meta":{"_acf_changed":false},"product_brand":[],"product_cat":[2052],"product_tag":[],"class_list":{"0":"post-25190","1":"product","2":"type-product","3":"status-publish","4":"has-post-thumbnail","6":"product_cat-connecteurs-en-bois-quincaillerie","8":"first","9":"instock","10":"taxable","11":"shipping-taxable","12":"purchasable","13":"product-type-variable"},"acf":[],"_links":{"self":[{"href":"https:\/\/enipau.ro\/fr\/wp-json\/wp\/v2\/product\/25190","targetHints":{"allow":["GET"]}}],"collection":[{"href":"https:\/\/enipau.ro\/fr\/wp-json\/wp\/v2\/product"}],"about":[{"href":"https:\/\/enipau.ro\/fr\/wp-json\/wp\/v2\/types\/product"}],"replies":[{"embeddable":true,"href":"https:\/\/enipau.ro\/fr\/wp-json\/wp\/v2\/comments?post=25190"}],"wp:featuredmedia":[{"embeddable":true,"href":"https:\/\/enipau.ro\/fr\/wp-json\/wp\/v2\/media\/25191"}],"wp:attachment":[{"href":"https:\/\/enipau.ro\/fr\/wp-json\/wp\/v2\/media?parent=25190"}],"wp:term":[{"taxonomy":"product_brand","embeddable":true,"href":"https:\/\/enipau.ro\/fr\/wp-json\/wp\/v2\/product_brand?post=25190"},{"taxonomy":"product_cat","embeddable":true,"href":"https:\/\/enipau.ro\/fr\/wp-json\/wp\/v2\/product_cat?post=25190"},{"taxonomy":"product_tag","embeddable":true,"href":"https:\/\/enipau.ro\/fr\/wp-json\/wp\/v2\/product_tag?post=25190"}],"curies":[{"name":"wp","href":"https:\/\/api.w.org\/{rel}","templated":true}]}}