{"id":25197,"date":"2020-04-17T10:05:02","date_gmt":"2020-04-17T10:05:02","guid":{"rendered":"https:\/\/enipau.ro\/produs\/uncategorized\/poutre-brute-resineuse\/"},"modified":"2020-04-17T10:05:02","modified_gmt":"2020-04-17T10:05:02","slug":"poutre-brute-resineuse","status":"publish","type":"product","link":"https:\/\/enipau.ro\/fr\/produit\/bois-depicea\/poutre-brute-resineuse\/","title":{"rendered":"Poutre brute r\u00e9sineuse"},"content":{"rendered":"<p>Le bois pr\u00e9cieux a toujours fait partie de la famille Enipau. La durabilit\u00e9 du bois, class\u00e9e comme &#8220;convenablement durable&#8221; dans le cas de l&#8217;\u00c9pic\u00e9a, a incit\u00e9 de plus en plus de Roumains \u00e0 construire leurs maisons sur une ossature en bois. La qualit\u00e9 du bois tient \u00e9galement \u00e0 sa r\u00e9sistance m\u00e9canique, raison pour laquelle il est r\u00e9colt\u00e9 dans des r\u00e9gions moins chaudes afin que ses fibres ne s&#8217;enchev\u00eatrent pas facilement.<\/p>\n","protected":false},"excerpt":{"rendered":"<p><span style=\"font-weight: 400;\">Enipau fabrique et commercialise des poutres r\u00e9sineuses pour les constructions en bois telles que les maisons, les halls, les chalets, les terrasses et les charpentes. Nous coupons sur commande toutes les dimensions et toutes les quantit\u00e9s.   <\/span><\/p>\n","protected":false},"featured_media":25199,"comment_status":"closed","ping_status":"closed","template":"","meta":{"_acf_changed":false},"product_brand":[],"product_cat":[1988,2143],"product_tag":[],"class_list":{"0":"post-25197","1":"product","2":"type-product","3":"status-publish","4":"has-post-thumbnail","6":"product_cat-bois-depicea","7":"product_cat-construction-en-bois","9":"first","10":"instock","11":"taxable","12":"shipping-taxable","13":"purchasable","14":"product-type-variable"},"acf":[],"_links":{"self":[{"href":"https:\/\/enipau.ro\/fr\/wp-json\/wp\/v2\/product\/25197","targetHints":{"allow":["GET"]}}],"collection":[{"href":"https:\/\/enipau.ro\/fr\/wp-json\/wp\/v2\/product"}],"about":[{"href":"https:\/\/enipau.ro\/fr\/wp-json\/wp\/v2\/types\/product"}],"replies":[{"embeddable":true,"href":"https:\/\/enipau.ro\/fr\/wp-json\/wp\/v2\/comments?post=25197"}],"wp:featuredmedia":[{"embeddable":true,"href":"https:\/\/enipau.ro\/fr\/wp-json\/wp\/v2\/media\/25199"}],"wp:attachment":[{"href":"https:\/\/enipau.ro\/fr\/wp-json\/wp\/v2\/media?parent=25197"}],"wp:term":[{"taxonomy":"product_brand","embeddable":true,"href":"https:\/\/enipau.ro\/fr\/wp-json\/wp\/v2\/product_brand?post=25197"},{"taxonomy":"product_cat","embeddable":true,"href":"https:\/\/enipau.ro\/fr\/wp-json\/wp\/v2\/product_cat?post=25197"},{"taxonomy":"product_tag","embeddable":true,"href":"https:\/\/enipau.ro\/fr\/wp-json\/wp\/v2\/product_tag?post=25197"}],"curies":[{"name":"wp","href":"https:\/\/api.w.org\/{rel}","templated":true}]}}