{"id":25198,"date":"2020-04-25T10:21:42","date_gmt":"2020-04-25T10:21:42","guid":{"rendered":"https:\/\/enipau.ro\/produs\/uncategorized\/poutre-rabotee-a-sec-bois-resineux-classe-a\/"},"modified":"2025-12-11T18:32:18","modified_gmt":"2025-12-11T18:32:18","slug":"poutre-rabotee-a-sec-bois-resineux-classe-a","status":"publish","type":"product","link":"https:\/\/enipau.ro\/fr\/produit\/terrasses-et-balcons-en-bois\/poutre-rabotee-a-sec-bois-resineux-classe-a\/","title":{"rendered":"Poutre rabot\u00e9e \u00e0 sec, bois r\u00e9sineux, classe A"},"content":{"rendered":"<p>Les poutres s\u00e8ches et rabot\u00e9es de diff\u00e9rentes tailles, avec toutes les surfaces finies, peuvent \u00eatre utilis\u00e9es dans des constructions de diff\u00e9rentes tailles, en particulier pour les plafonds avec une d\u00e9coration sp\u00e9ciale. La poutre rabot\u00e9e est un produit fini, pr\u00eat \u00e0 \u00eatre install\u00e9 et peint. Sur demande, notre soci\u00e9t\u00e9 peut r\u00e9aliser une finition suppl\u00e9mentaire. Elle est utilis\u00e9e pour des applications visibles dans la construction de kiosques, de pergolas, de plafonds, de maisons ou de terrasses.<\/p>\n","protected":false},"excerpt":{"rendered":"<p>Nous produisons et vendons des poutres s\u00e8ches et rabot\u00e9es de diff\u00e9rentes tailles. Toutes les surfaces \u00e9tant finies, elles peuvent \u00eatre utilis\u00e9es aussi bien \u00e0 l&#8217;int\u00e9rieur qu&#8217;\u00e0 l&#8217;ext\u00e9rieur. Les quatre bords sont profil\u00e9s. Sur demande, notre entreprise peut r\u00e9aliser une finition suppl\u00e9mentaire. Nous impr\u00e9gnons et traitons le bois avec la couleur souhait\u00e9e et le livrons pr\u00eat \u00e0 l&#8217;emploi pour votre construction. Le bois est trait\u00e9 antiseptiquement pour d\u00e9truire les parasites et le traitement garantit une consommation de mat\u00e9riau qui assure la protection de la surface.<\/p>\n","protected":false},"featured_media":25201,"comment_status":"closed","ping_status":"closed","template":"","meta":{"_acf_changed":false},"product_brand":[],"product_cat":[1988,2037,2145,1927],"product_tag":[],"class_list":{"0":"post-25198","1":"product","2":"type-product","3":"status-publish","4":"has-post-thumbnail","6":"product_cat-bois-depicea","7":"product_cat-bois-et-paille","8":"product_cat-bois-rabote","9":"product_cat-terrasses-et-balcons-en-bois","11":"first","12":"instock","13":"taxable","14":"shipping-taxable","15":"purchasable","16":"product-type-variable"},"acf":[],"_links":{"self":[{"href":"https:\/\/enipau.ro\/fr\/wp-json\/wp\/v2\/product\/25198","targetHints":{"allow":["GET"]}}],"collection":[{"href":"https:\/\/enipau.ro\/fr\/wp-json\/wp\/v2\/product"}],"about":[{"href":"https:\/\/enipau.ro\/fr\/wp-json\/wp\/v2\/types\/product"}],"replies":[{"embeddable":true,"href":"https:\/\/enipau.ro\/fr\/wp-json\/wp\/v2\/comments?post=25198"}],"wp:featuredmedia":[{"embeddable":true,"href":"https:\/\/enipau.ro\/fr\/wp-json\/wp\/v2\/media\/25201"}],"wp:attachment":[{"href":"https:\/\/enipau.ro\/fr\/wp-json\/wp\/v2\/media?parent=25198"}],"wp:term":[{"taxonomy":"product_brand","embeddable":true,"href":"https:\/\/enipau.ro\/fr\/wp-json\/wp\/v2\/product_brand?post=25198"},{"taxonomy":"product_cat","embeddable":true,"href":"https:\/\/enipau.ro\/fr\/wp-json\/wp\/v2\/product_cat?post=25198"},{"taxonomy":"product_tag","embeddable":true,"href":"https:\/\/enipau.ro\/fr\/wp-json\/wp\/v2\/product_tag?post=25198"}],"curies":[{"name":"wp","href":"https:\/\/api.w.org\/{rel}","templated":true}]}}