{"id":25250,"date":"2020-04-17T10:52:40","date_gmt":"2020-04-17T10:52:40","guid":{"rendered":"https:\/\/enipau.ro\/produs\/uncategorized\/chevron-brut-resineux\/"},"modified":"2020-04-17T10:52:40","modified_gmt":"2020-04-17T10:52:40","slug":"chevron-brut-resineux","status":"publish","type":"product","link":"https:\/\/enipau.ro\/fr\/produit\/bois-depicea\/chevron-brut-resineux\/","title":{"rendered":"Chevron brut r\u00e9sineux"},"content":{"rendered":"<p>Toute construction \u00e0 dominante bois implique une couverture avec un mat\u00e9riau de couverture en bois, g\u00e9n\u00e9ralement des chevrons r\u00e9sineux. Vous trouverez ci-dessous une liste de dimensions, ou selon vos besoins, consultez un sp\u00e9cialiste Enipau pour un devis personnalis\u00e9.<\/p>\n","protected":false},"excerpt":{"rendered":"<p>Nous transformons et commercialisons du colza non transform\u00e9, r\u00e9sineux et non fini de diff\u00e9rentes tailles, en fonction des besoins de nos clients.<\/p>\n","protected":false},"featured_media":25254,"comment_status":"closed","ping_status":"closed","template":"","meta":{"_acf_changed":false},"product_brand":[],"product_cat":[1988,2143],"product_tag":[],"class_list":{"0":"post-25250","1":"product","2":"type-product","3":"status-publish","4":"has-post-thumbnail","6":"product_cat-bois-depicea","7":"product_cat-construction-en-bois","9":"first","10":"instock","11":"taxable","12":"shipping-taxable","13":"purchasable","14":"product-type-variable"},"acf":[],"_links":{"self":[{"href":"https:\/\/enipau.ro\/fr\/wp-json\/wp\/v2\/product\/25250","targetHints":{"allow":["GET"]}}],"collection":[{"href":"https:\/\/enipau.ro\/fr\/wp-json\/wp\/v2\/product"}],"about":[{"href":"https:\/\/enipau.ro\/fr\/wp-json\/wp\/v2\/types\/product"}],"replies":[{"embeddable":true,"href":"https:\/\/enipau.ro\/fr\/wp-json\/wp\/v2\/comments?post=25250"}],"wp:featuredmedia":[{"embeddable":true,"href":"https:\/\/enipau.ro\/fr\/wp-json\/wp\/v2\/media\/25254"}],"wp:attachment":[{"href":"https:\/\/enipau.ro\/fr\/wp-json\/wp\/v2\/media?parent=25250"}],"wp:term":[{"taxonomy":"product_brand","embeddable":true,"href":"https:\/\/enipau.ro\/fr\/wp-json\/wp\/v2\/product_brand?post=25250"},{"taxonomy":"product_cat","embeddable":true,"href":"https:\/\/enipau.ro\/fr\/wp-json\/wp\/v2\/product_cat?post=25250"},{"taxonomy":"product_tag","embeddable":true,"href":"https:\/\/enipau.ro\/fr\/wp-json\/wp\/v2\/product_tag?post=25250"}],"curies":[{"name":"wp","href":"https:\/\/api.w.org\/{rel}","templated":true}]}}