{"id":25279,"date":"2020-04-25T11:22:54","date_gmt":"2020-04-25T11:22:54","guid":{"rendered":"https:\/\/enipau.ro\/produs\/uncategorized\/chevron-en-bois-rabote-resineux-classe-a\/"},"modified":"2025-12-11T18:20:57","modified_gmt":"2025-12-11T18:20:57","slug":"chevron-en-bois-rabote-resineux-classe-a","status":"publish","type":"product","link":"https:\/\/enipau.ro\/fr\/produit\/terrasses-et-balcons-en-bois\/chevron-en-bois-rabote-resineux-classe-a\/","title":{"rendered":"Chevron en bois rabot\u00e9, r\u00e9sineux, classe A"},"content":{"rendered":"<p>Le produit est obtenu \u00e0 partir du traitement des grumes et constitue la base d&#8217;un b\u00e2timent, mais utilis\u00e9 dans des constructions ext\u00e9rieures, il donne une atmosph\u00e8re particuli\u00e8re gr\u00e2ce \u00e0 sa forme sp\u00e9ciale et \u00e0 son vernis. Nous proposons des finitions suppl\u00e9mentaires, mais il s&#8217;agit d&#8217;un produit fini pr\u00eat \u00e0 \u00eatre assembl\u00e9 et peint. Les chevrons en bois dans un b\u00e2timent offrent un m\u00e9lange entre un design moderne et un design classique. Le bois est trait\u00e9 antiseptiquement pour d\u00e9truire les parasites et le traitement garantit une consommation de mat\u00e9riau qui assure la protection de la surface.<\/p>\n","protected":false},"excerpt":{"rendered":"<p>Nous produisons et vendons des chevrons secs et rabot\u00e9s de diff\u00e9rentes tailles en fonction des besoins de nos clients. Le produit fini peut \u00eatre utilis\u00e9 aussi bien \u00e0 l&#8217;int\u00e9rieur qu&#8217;\u00e0 l&#8217;ext\u00e9rieur, pr\u00eat \u00e0 \u00eatre assembl\u00e9 et peint. Les quatre bords du chevron sont profil\u00e9s. Notre soci\u00e9t\u00e9 peut produire une finition suppl\u00e9mentaire sur demande. Nous impr\u00e9gnons et traitons le bois avec la couleur souhait\u00e9e et le livrons pr\u00eat \u00e0 l&#8217;emploi pour votre construction.<\/p>\n","protected":false},"featured_media":25283,"comment_status":"closed","ping_status":"closed","template":"","meta":{"_acf_changed":false},"product_brand":[],"product_cat":[1988,2037,2145,1927],"product_tag":[],"class_list":{"0":"post-25279","1":"product","2":"type-product","3":"status-publish","4":"has-post-thumbnail","6":"product_cat-bois-depicea","7":"product_cat-bois-et-paille","8":"product_cat-bois-rabote","9":"product_cat-terrasses-et-balcons-en-bois","11":"first","12":"instock","13":"taxable","14":"shipping-taxable","15":"purchasable","16":"product-type-variable"},"acf":[],"_links":{"self":[{"href":"https:\/\/enipau.ro\/fr\/wp-json\/wp\/v2\/product\/25279","targetHints":{"allow":["GET"]}}],"collection":[{"href":"https:\/\/enipau.ro\/fr\/wp-json\/wp\/v2\/product"}],"about":[{"href":"https:\/\/enipau.ro\/fr\/wp-json\/wp\/v2\/types\/product"}],"replies":[{"embeddable":true,"href":"https:\/\/enipau.ro\/fr\/wp-json\/wp\/v2\/comments?post=25279"}],"wp:featuredmedia":[{"embeddable":true,"href":"https:\/\/enipau.ro\/fr\/wp-json\/wp\/v2\/media\/25283"}],"wp:attachment":[{"href":"https:\/\/enipau.ro\/fr\/wp-json\/wp\/v2\/media?parent=25279"}],"wp:term":[{"taxonomy":"product_brand","embeddable":true,"href":"https:\/\/enipau.ro\/fr\/wp-json\/wp\/v2\/product_brand?post=25279"},{"taxonomy":"product_cat","embeddable":true,"href":"https:\/\/enipau.ro\/fr\/wp-json\/wp\/v2\/product_cat?post=25279"},{"taxonomy":"product_tag","embeddable":true,"href":"https:\/\/enipau.ro\/fr\/wp-json\/wp\/v2\/product_tag?post=25279"}],"curies":[{"name":"wp","href":"https:\/\/api.w.org\/{rel}","templated":true}]}}