{"id":25302,"date":"2020-04-17T13:10:47","date_gmt":"2020-04-17T13:10:47","guid":{"rendered":"https:\/\/enipau.ro\/produs\/uncategorized\/planche-resineuse-brute\/"},"modified":"2020-04-17T13:10:47","modified_gmt":"2020-04-17T13:10:47","slug":"planche-resineuse-brute","status":"publish","type":"product","link":"https:\/\/enipau.ro\/fr\/produit\/bois-depicea\/planche-resineuse-brute\/","title":{"rendered":"Planche r\u00e9sineuse brute"},"content":{"rendered":"<p>Le bois sci\u00e9, en d&#8217;autres termes, est une planche verte et partiellement s\u00e9ch\u00e9e de bois r\u00e9sineux. Les dimensions varient en fonction des besoins du client. Il peut \u00eatre utilis\u00e9 pour le coffrage, la menuiserie des toits et la charpenterie.<br \/>\nIl peut \u00eatre utilis\u00e9 aussi bien \u00e0 l&#8217;int\u00e9rieur qu&#8217;\u00e0 l&#8217;ext\u00e9rieur, \u00e0 condition qu&#8217;il puisse supporter divers traitements d&#8217;entretien tels que la peinture, la cire et le vernis.<\/p>\n","protected":false},"excerpt":{"rendered":"<p>Nous produisons et commercialisons des planches vertes et partiellement s\u00e9ch\u00e9es, r\u00e9sineuses, non bois\u00e9es.<\/p>\n","protected":false},"featured_media":25306,"comment_status":"closed","ping_status":"closed","template":"","meta":{"_acf_changed":false},"product_brand":[],"product_cat":[1988,2143],"product_tag":[],"class_list":{"0":"post-25302","1":"product","2":"type-product","3":"status-publish","4":"has-post-thumbnail","6":"product_cat-bois-depicea","7":"product_cat-construction-en-bois","9":"first","10":"instock","11":"taxable","12":"shipping-taxable","13":"purchasable","14":"product-type-variable"},"acf":[],"_links":{"self":[{"href":"https:\/\/enipau.ro\/fr\/wp-json\/wp\/v2\/product\/25302","targetHints":{"allow":["GET"]}}],"collection":[{"href":"https:\/\/enipau.ro\/fr\/wp-json\/wp\/v2\/product"}],"about":[{"href":"https:\/\/enipau.ro\/fr\/wp-json\/wp\/v2\/types\/product"}],"replies":[{"embeddable":true,"href":"https:\/\/enipau.ro\/fr\/wp-json\/wp\/v2\/comments?post=25302"}],"wp:featuredmedia":[{"embeddable":true,"href":"https:\/\/enipau.ro\/fr\/wp-json\/wp\/v2\/media\/25306"}],"wp:attachment":[{"href":"https:\/\/enipau.ro\/fr\/wp-json\/wp\/v2\/media?parent=25302"}],"wp:term":[{"taxonomy":"product_brand","embeddable":true,"href":"https:\/\/enipau.ro\/fr\/wp-json\/wp\/v2\/product_brand?post=25302"},{"taxonomy":"product_cat","embeddable":true,"href":"https:\/\/enipau.ro\/fr\/wp-json\/wp\/v2\/product_cat?post=25302"},{"taxonomy":"product_tag","embeddable":true,"href":"https:\/\/enipau.ro\/fr\/wp-json\/wp\/v2\/product_tag?post=25302"}],"curies":[{"name":"wp","href":"https:\/\/api.w.org\/{rel}","templated":true}]}}