{"id":25367,"date":"2020-04-25T09:21:51","date_gmt":"2020-04-25T09:21:51","guid":{"rendered":"https:\/\/enipau.ro\/produs\/uncategorized\/bastaing-resineux-brut\/"},"modified":"2020-04-25T09:21:51","modified_gmt":"2020-04-25T09:21:51","slug":"bastaing-resineux-brut","status":"publish","type":"product","link":"https:\/\/enipau.ro\/fr\/produit\/bois-depicea\/bastaing-resineux-brut\/","title":{"rendered":"Bastaing r\u00e9sineux brut"},"content":{"rendered":"<p>Les dimensions varient en fonction des besoins du client. Le bois sci\u00e9 est \u00e0 l&#8217;\u00e9tat sec, brut et non fini et est utilis\u00e9 pour les travaux de construction g\u00e9n\u00e9raux. Il n&#8217;est pas recommand\u00e9 pour les meubles ou les lambris.<\/p>\n","protected":false},"excerpt":{"rendered":"<p>Nous vous fournissons du bois r\u00e9sineux vert, partiellement s\u00e9ch\u00e9 et non r\u00e9sineux. Il est utilis\u00e9 pour la r\u00e9alisation de coffrages, pour les pierres de taille des charpentes et en menuiserie. <\/p>\n","protected":false},"featured_media":25371,"comment_status":"closed","ping_status":"closed","template":"","meta":{"_acf_changed":false},"product_brand":[],"product_cat":[1988,2143],"product_tag":[],"class_list":{"0":"post-25367","1":"product","2":"type-product","3":"status-publish","4":"has-post-thumbnail","6":"product_cat-bois-depicea","7":"product_cat-construction-en-bois","9":"first","10":"instock","11":"taxable","12":"shipping-taxable","13":"purchasable","14":"product-type-variable"},"acf":[],"_links":{"self":[{"href":"https:\/\/enipau.ro\/fr\/wp-json\/wp\/v2\/product\/25367","targetHints":{"allow":["GET"]}}],"collection":[{"href":"https:\/\/enipau.ro\/fr\/wp-json\/wp\/v2\/product"}],"about":[{"href":"https:\/\/enipau.ro\/fr\/wp-json\/wp\/v2\/types\/product"}],"replies":[{"embeddable":true,"href":"https:\/\/enipau.ro\/fr\/wp-json\/wp\/v2\/comments?post=25367"}],"wp:featuredmedia":[{"embeddable":true,"href":"https:\/\/enipau.ro\/fr\/wp-json\/wp\/v2\/media\/25371"}],"wp:attachment":[{"href":"https:\/\/enipau.ro\/fr\/wp-json\/wp\/v2\/media?parent=25367"}],"wp:term":[{"taxonomy":"product_brand","embeddable":true,"href":"https:\/\/enipau.ro\/fr\/wp-json\/wp\/v2\/product_brand?post=25367"},{"taxonomy":"product_cat","embeddable":true,"href":"https:\/\/enipau.ro\/fr\/wp-json\/wp\/v2\/product_cat?post=25367"},{"taxonomy":"product_tag","embeddable":true,"href":"https:\/\/enipau.ro\/fr\/wp-json\/wp\/v2\/product_tag?post=25367"}],"curies":[{"name":"wp","href":"https:\/\/api.w.org\/{rel}","templated":true}]}}