{"id":25431,"date":"2020-04-25T09:38:02","date_gmt":"2020-04-25T09:38:02","guid":{"rendered":"https:\/\/enipau.ro\/produs\/uncategorized\/lixiviats-resineux-indelicats-noirs\/"},"modified":"2020-04-25T09:38:02","modified_gmt":"2020-04-25T09:38:02","slug":"lixiviats-resineux-indelicats-noirs","status":"publish","type":"product","link":"https:\/\/enipau.ro\/fr\/produit\/bois-depicea\/lixiviats-resineux-indelicats-noirs\/","title":{"rendered":"Lixiviats r\u00e9sineux ind\u00e9licats noirs"},"content":{"rendered":"<p>Les sp\u00e9cifications techniques peuvent \u00eatre convenues \u00e0 l&#8217;avance avec votre conseiller Enipau. Les feuilles peuvent \u00eatre coup\u00e9es sur mesure sur demande. Bois de premi\u00e8re qualit\u00e9, r\u00e9sineux non trait\u00e9. Elles sont utilis\u00e9es comme support pour les toitures, les tuiles et les feuilles, mais peuvent \u00e9galement \u00eatre utilis\u00e9es dans d&#8217;autres domaines de la construction.<\/p>\n","protected":false},"excerpt":{"rendered":"<p>Nous vous proposons des planches de bois r\u00e9sineux de qualit\u00e9 sup\u00e9rieure, non finies et non polies. En fonction des dimensions demand\u00e9es par le client, les planches seront coup\u00e9es sur demande. <\/p>\n","protected":false},"featured_media":25434,"comment_status":"closed","ping_status":"closed","template":"","meta":{"_acf_changed":false},"product_brand":[],"product_cat":[1988,2143],"product_tag":[],"class_list":{"0":"post-25431","1":"product","2":"type-product","3":"status-publish","4":"has-post-thumbnail","6":"product_cat-bois-depicea","7":"product_cat-construction-en-bois","9":"first","10":"instock","11":"taxable","12":"shipping-taxable","13":"purchasable","14":"product-type-variable"},"acf":[],"_links":{"self":[{"href":"https:\/\/enipau.ro\/fr\/wp-json\/wp\/v2\/product\/25431","targetHints":{"allow":["GET"]}}],"collection":[{"href":"https:\/\/enipau.ro\/fr\/wp-json\/wp\/v2\/product"}],"about":[{"href":"https:\/\/enipau.ro\/fr\/wp-json\/wp\/v2\/types\/product"}],"replies":[{"embeddable":true,"href":"https:\/\/enipau.ro\/fr\/wp-json\/wp\/v2\/comments?post=25431"}],"wp:featuredmedia":[{"embeddable":true,"href":"https:\/\/enipau.ro\/fr\/wp-json\/wp\/v2\/media\/25434"}],"wp:attachment":[{"href":"https:\/\/enipau.ro\/fr\/wp-json\/wp\/v2\/media?parent=25431"}],"wp:term":[{"taxonomy":"product_brand","embeddable":true,"href":"https:\/\/enipau.ro\/fr\/wp-json\/wp\/v2\/product_brand?post=25431"},{"taxonomy":"product_cat","embeddable":true,"href":"https:\/\/enipau.ro\/fr\/wp-json\/wp\/v2\/product_cat?post=25431"},{"taxonomy":"product_tag","embeddable":true,"href":"https:\/\/enipau.ro\/fr\/wp-json\/wp\/v2\/product_tag?post=25431"}],"curies":[{"name":"wp","href":"https:\/\/api.w.org\/{rel}","templated":true}]}}