{"id":25442,"date":"2020-04-25T13:16:01","date_gmt":"2020-04-25T13:16:01","guid":{"rendered":"https:\/\/enipau.ro\/produs\/uncategorized\/bois-rabote-seche-resineux-classe-a\/"},"modified":"2025-12-11T18:44:45","modified_gmt":"2025-12-11T18:44:45","slug":"bois-rabote-seche-resineux-classe-a","status":"publish","type":"product","link":"https:\/\/enipau.ro\/fr\/produit\/terrasses-et-balcons-en-bois\/bois-rabote-seche-resineux-classe-a\/","title":{"rendered":"Bois rabot\u00e9 s\u00e9ch\u00e9, r\u00e9sineux, classe A"},"content":{"rendered":"<p>Le bois est s\u00e9ch\u00e9 au four \u00e0 haute capacit\u00e9, puis rabot\u00e9 sur les quatre c\u00f4t\u00e9s. Afin d&#8217;\u00eatre facilement utilisable pour la construction int\u00e9rieure, il n\u00e9cessite certains traitements tels que le vernissage, la peinture, la cire, ce qui n&#8217;est pas aussi exigeant lorsqu&#8217;il est utilis\u00e9 \u00e0 l&#8217;ext\u00e9rieur. Il peut \u00eatre stock\u00e9 pendant une longue p\u00e9riode et l&#8217;\u00e9quipe d&#8217;Enipau propose des finitions suppl\u00e9mentaires par rapport aux finitions de base, en fonction des besoins du client. En termes d&#8217;utilisation, il peut \u00eatre utilis\u00e9 pour construire des cl\u00f4tures, mais aussi comme \u00e9l\u00e9ments d\u00e9coratifs pour les gloriettes, les terrasses ou les pergolas. Nous impr\u00e9gnons et traitons le bois avec la couleur souhait\u00e9e et le livrons pr\u00eat \u00e0 l&#8217;emploi pour votre construction.<br \/>\nNous fournissons des ateliers de menuiserie avec des dimensions atypiques et des rabotages sur demande des clients.<\/p>\n","protected":false},"excerpt":{"rendered":"<p>Nous fournissons du bois r\u00e9sineux rabot\u00e9 et s\u00e9ch\u00e9 de haute qualit\u00e9. Il convient \u00e0 un usage int\u00e9rieur et ext\u00e9rieur et est pr\u00eat \u00e0 \u00eatre peint. Selon les exigences du client, nous pouvons r\u00e9aliser une finition suppl\u00e9mentaire par rapport \u00e0 la finition de base. Le bois est trait\u00e9 antiseptiquement pour d\u00e9truire les parasites et le traitement garantit une consommation de mat\u00e9riau qui assure la protection de la surface.<\/p>\n","protected":false},"featured_media":25446,"comment_status":"closed","ping_status":"closed","template":"","meta":{"_acf_changed":false},"product_brand":[],"product_cat":[1988,2037,2145,1927],"product_tag":[],"class_list":{"0":"post-25442","1":"product","2":"type-product","3":"status-publish","4":"has-post-thumbnail","6":"product_cat-bois-depicea","7":"product_cat-bois-et-paille","8":"product_cat-bois-rabote","9":"product_cat-terrasses-et-balcons-en-bois","11":"first","12":"instock","13":"taxable","14":"shipping-taxable","15":"purchasable","16":"product-type-variable"},"acf":[],"_links":{"self":[{"href":"https:\/\/enipau.ro\/fr\/wp-json\/wp\/v2\/product\/25442","targetHints":{"allow":["GET"]}}],"collection":[{"href":"https:\/\/enipau.ro\/fr\/wp-json\/wp\/v2\/product"}],"about":[{"href":"https:\/\/enipau.ro\/fr\/wp-json\/wp\/v2\/types\/product"}],"replies":[{"embeddable":true,"href":"https:\/\/enipau.ro\/fr\/wp-json\/wp\/v2\/comments?post=25442"}],"wp:featuredmedia":[{"embeddable":true,"href":"https:\/\/enipau.ro\/fr\/wp-json\/wp\/v2\/media\/25446"}],"wp:attachment":[{"href":"https:\/\/enipau.ro\/fr\/wp-json\/wp\/v2\/media?parent=25442"}],"wp:term":[{"taxonomy":"product_brand","embeddable":true,"href":"https:\/\/enipau.ro\/fr\/wp-json\/wp\/v2\/product_brand?post=25442"},{"taxonomy":"product_cat","embeddable":true,"href":"https:\/\/enipau.ro\/fr\/wp-json\/wp\/v2\/product_cat?post=25442"},{"taxonomy":"product_tag","embeddable":true,"href":"https:\/\/enipau.ro\/fr\/wp-json\/wp\/v2\/product_tag?post=25442"}],"curies":[{"name":"wp","href":"https:\/\/api.w.org\/{rel}","templated":true}]}}