{"id":25471,"date":"2020-04-25T13:25:21","date_gmt":"2020-04-25T13:25:21","guid":{"rendered":"https:\/\/enipau.ro\/produs\/uncategorized\/bastainging-rabote-bois-resineux-classe-a\/"},"modified":"2025-12-11T18:39:08","modified_gmt":"2025-12-11T18:39:08","slug":"bastainging-rabote-bois-resineux-classe-a","status":"publish","type":"product","link":"https:\/\/enipau.ro\/fr\/produit\/terrasses-et-balcons-en-bois\/bastainging-rabote-bois-resineux-classe-a\/","title":{"rendered":"Bastainging rabot\u00e9, bois r\u00e9sineux, classe A"},"content":{"rendered":"<p>L&#8217;armoire est s\u00e9ch\u00e9e au four \u00e0 haute capacit\u00e9, puis rabot\u00e9e sur les quatre c\u00f4t\u00e9s. Pour \u00eatre facilement utilisable en int\u00e9rieur, elle n\u00e9cessite certains traitements tels que le vernissage, la peinture, la cire, qui ne sont donc pas aussi exigeants que pour une utilisation en ext\u00e9rieur. Elle peut \u00eatre stock\u00e9e pendant une longue p\u00e9riode et l&#8217;\u00e9quipe d&#8217;Enipau propose des finitions suppl\u00e9mentaires par rapport aux finitions de base, en fonction des besoins du client.<\/p>\n","protected":false},"excerpt":{"rendered":"<p>Bastaing rabot\u00e9 et s\u00e9ch\u00e9 pour faciliter l&#8217;utilisation dans les petites constructions int\u00e9rieures l\u00e9g\u00e8res, correctement trait\u00e9 soit par cirage, vernissage ou peinture. Nous impr\u00e9gnons et traitons le bois selon la couleur souhait\u00e9e et le livrons pr\u00eat \u00e0 l&#8217;emploi pour votre construction. Le bois est trait\u00e9 antiseptiquement pour d\u00e9truire les parasites et le traitement garantit une consommation de mat\u00e9riau qui assure la protection de la surface.<\/p>\n","protected":false},"featured_media":25472,"comment_status":"closed","ping_status":"closed","template":"","meta":{"_acf_changed":false},"product_brand":[],"product_cat":[1988,2037,2145,1927],"product_tag":[],"class_list":{"0":"post-25471","1":"product","2":"type-product","3":"status-publish","4":"has-post-thumbnail","6":"product_cat-bois-depicea","7":"product_cat-bois-et-paille","8":"product_cat-bois-rabote","9":"product_cat-terrasses-et-balcons-en-bois","11":"first","12":"instock","13":"taxable","14":"shipping-taxable","15":"purchasable","16":"product-type-variable"},"acf":[],"_links":{"self":[{"href":"https:\/\/enipau.ro\/fr\/wp-json\/wp\/v2\/product\/25471","targetHints":{"allow":["GET"]}}],"collection":[{"href":"https:\/\/enipau.ro\/fr\/wp-json\/wp\/v2\/product"}],"about":[{"href":"https:\/\/enipau.ro\/fr\/wp-json\/wp\/v2\/types\/product"}],"replies":[{"embeddable":true,"href":"https:\/\/enipau.ro\/fr\/wp-json\/wp\/v2\/comments?post=25471"}],"wp:featuredmedia":[{"embeddable":true,"href":"https:\/\/enipau.ro\/fr\/wp-json\/wp\/v2\/media\/25472"}],"wp:attachment":[{"href":"https:\/\/enipau.ro\/fr\/wp-json\/wp\/v2\/media?parent=25471"}],"wp:term":[{"taxonomy":"product_brand","embeddable":true,"href":"https:\/\/enipau.ro\/fr\/wp-json\/wp\/v2\/product_brand?post=25471"},{"taxonomy":"product_cat","embeddable":true,"href":"https:\/\/enipau.ro\/fr\/wp-json\/wp\/v2\/product_cat?post=25471"},{"taxonomy":"product_tag","embeddable":true,"href":"https:\/\/enipau.ro\/fr\/wp-json\/wp\/v2\/product_tag?post=25471"}],"curies":[{"name":"wp","href":"https:\/\/api.w.org\/{rel}","templated":true}]}}