{"id":25511,"date":"2020-04-26T09:08:07","date_gmt":"2020-04-26T09:08:07","guid":{"rendered":"https:\/\/enipau.ro\/produs\/uncategorized\/latte-rabotee-sechee-bois-resineux-classe-a\/"},"modified":"2020-04-26T09:08:07","modified_gmt":"2020-04-26T09:08:07","slug":"latte-rabotee-sechee-bois-resineux-classe-a","status":"publish","type":"product","link":"https:\/\/enipau.ro\/fr\/produit\/terrasses-et-balcons-en-bois\/latte-rabotee-sechee-bois-resineux-classe-a\/","title":{"rendered":"Latte rabot\u00e9e s\u00e9ch\u00e9e, bois r\u00e9sineux, classe A"},"content":{"rendered":"<p>La trappe simple \u00e0 bords droits est fabriqu\u00e9e en bois r\u00e9sineux. Avec un profil\u00e9 d\u00e9coratif pour les bords de fermeture ou les cadres de portes ou de fen\u00eatres, elles peuvent \u00eatre usin\u00e9es selon les besoins. Le bois est trait\u00e9 antiseptiquement pour d\u00e9truire les parasites et le processus de traitement garantit une consommation de mat\u00e9riau qui assure la protection de la surface.<\/p>\n","protected":false},"excerpt":{"rendered":"<p>Nous proposons du bois rabot\u00e9 s\u00e9ch\u00e9 et d\u00e9chiquet\u00e9 de diff\u00e9rentes tailles. En fonction des besoins du client, Enipau peut r\u00e9aliser une finition suppl\u00e9mentaire en plus de la finition de base. Le sipca est utilis\u00e9 dans les travaux de charpenterie et de menuiserie, ainsi que comme \u00e9l\u00e9ment d\u00e9coratif dans les gloriettes, les terrasses et les pergolas. Nous impr\u00e9gnons et traitons le bois dans la couleur souhait\u00e9e et le livrons pr\u00eat \u00e0 l&#8217;emploi pour votre construction.   <\/p>\n","protected":false},"featured_media":25513,"comment_status":"closed","ping_status":"closed","template":"","meta":{"_acf_changed":false},"product_brand":[],"product_cat":[1988,2037,2145,1927],"product_tag":[],"class_list":{"0":"post-25511","1":"product","2":"type-product","3":"status-publish","4":"has-post-thumbnail","6":"product_cat-bois-depicea","7":"product_cat-bois-et-paille","8":"product_cat-bois-rabote","9":"product_cat-terrasses-et-balcons-en-bois","11":"first","12":"instock","13":"taxable","14":"shipping-taxable","15":"purchasable","16":"product-type-variable","17":"has-default-attributes"},"acf":[],"_links":{"self":[{"href":"https:\/\/enipau.ro\/fr\/wp-json\/wp\/v2\/product\/25511","targetHints":{"allow":["GET"]}}],"collection":[{"href":"https:\/\/enipau.ro\/fr\/wp-json\/wp\/v2\/product"}],"about":[{"href":"https:\/\/enipau.ro\/fr\/wp-json\/wp\/v2\/types\/product"}],"replies":[{"embeddable":true,"href":"https:\/\/enipau.ro\/fr\/wp-json\/wp\/v2\/comments?post=25511"}],"wp:featuredmedia":[{"embeddable":true,"href":"https:\/\/enipau.ro\/fr\/wp-json\/wp\/v2\/media\/25513"}],"wp:attachment":[{"href":"https:\/\/enipau.ro\/fr\/wp-json\/wp\/v2\/media?parent=25511"}],"wp:term":[{"taxonomy":"product_brand","embeddable":true,"href":"https:\/\/enipau.ro\/fr\/wp-json\/wp\/v2\/product_brand?post=25511"},{"taxonomy":"product_cat","embeddable":true,"href":"https:\/\/enipau.ro\/fr\/wp-json\/wp\/v2\/product_cat?post=25511"},{"taxonomy":"product_tag","embeddable":true,"href":"https:\/\/enipau.ro\/fr\/wp-json\/wp\/v2\/product_tag?post=25511"}],"curies":[{"name":"wp","href":"https:\/\/api.w.org\/{rel}","templated":true}]}}