{"id":25520,"date":"2020-05-10T10:08:46","date_gmt":"2020-05-10T10:08:46","guid":{"rendered":"https:\/\/enipau.ro\/produs\/uncategorized\/planche-resineuse-sechee\/"},"modified":"2020-05-10T10:08:46","modified_gmt":"2020-05-10T10:08:46","slug":"planche-resineuse-sechee","status":"publish","type":"product","link":"https:\/\/enipau.ro\/fr\/produit\/bois-depicea\/planche-resineuse-sechee\/","title":{"rendered":"Planche r\u00e9sineuse s\u00e9ch\u00e9e"},"content":{"rendered":"<p>Enipau produit et commercialise des planches r\u00e9sin\u00e9es et s\u00e9ch\u00e9es de diff\u00e9rentes tailles. Le bois \u00e0 partir duquel les planches sont fabriqu\u00e9es a \u00e9t\u00e9 s\u00e9ch\u00e9 au four. Nous avons des planches de cat\u00e9gorie A et de cat\u00e9gorie B. Les planches sont bord\u00e9es parall\u00e8lement. Il est utilis\u00e9 comme mati\u00e8re premi\u00e8re pour la fabrication de portes, de fen\u00eatres, d&#8217;armoires, de tables, de chaises, etc. Il peut \u00e9galement \u00eatre utilis\u00e9 pour le traitement de divers objets en bois dans les ateliers de menuiserie.<\/p>\n","protected":false},"excerpt":{"rendered":"<p>Planche r\u00e9sineuse s\u00e9ch\u00e9e pour la construction, qui pr\u00e9sente une bonne finition et une r\u00e9sistance mod\u00e9r\u00e9e dans la construction d&#8217;escaliers ou de meubles.<\/p>\n","protected":false},"featured_media":25525,"comment_status":"closed","ping_status":"closed","template":"","meta":{"_acf_changed":false},"product_brand":[],"product_cat":[1988,2156],"product_tag":[],"class_list":{"0":"post-25520","1":"product","2":"type-product","3":"status-publish","4":"has-post-thumbnail","6":"product_cat-bois-depicea","7":"product_cat-bois-sec","9":"first","10":"instock","11":"taxable","12":"shipping-taxable","13":"purchasable","14":"product-type-variable"},"acf":[],"_links":{"self":[{"href":"https:\/\/enipau.ro\/fr\/wp-json\/wp\/v2\/product\/25520","targetHints":{"allow":["GET"]}}],"collection":[{"href":"https:\/\/enipau.ro\/fr\/wp-json\/wp\/v2\/product"}],"about":[{"href":"https:\/\/enipau.ro\/fr\/wp-json\/wp\/v2\/types\/product"}],"replies":[{"embeddable":true,"href":"https:\/\/enipau.ro\/fr\/wp-json\/wp\/v2\/comments?post=25520"}],"wp:featuredmedia":[{"embeddable":true,"href":"https:\/\/enipau.ro\/fr\/wp-json\/wp\/v2\/media\/25525"}],"wp:attachment":[{"href":"https:\/\/enipau.ro\/fr\/wp-json\/wp\/v2\/media?parent=25520"}],"wp:term":[{"taxonomy":"product_brand","embeddable":true,"href":"https:\/\/enipau.ro\/fr\/wp-json\/wp\/v2\/product_brand?post=25520"},{"taxonomy":"product_cat","embeddable":true,"href":"https:\/\/enipau.ro\/fr\/wp-json\/wp\/v2\/product_cat?post=25520"},{"taxonomy":"product_tag","embeddable":true,"href":"https:\/\/enipau.ro\/fr\/wp-json\/wp\/v2\/product_tag?post=25520"}],"curies":[{"name":"wp","href":"https:\/\/api.w.org\/{rel}","templated":true}]}}