{"id":25531,"date":"2020-05-10T10:10:54","date_gmt":"2020-05-10T10:10:54","guid":{"rendered":"https:\/\/enipau.ro\/produs\/uncategorized\/casier-resineux-sec\/"},"modified":"2020-05-10T10:10:54","modified_gmt":"2020-05-10T10:10:54","slug":"casier-resineux-sec","status":"publish","type":"product","link":"https:\/\/enipau.ro\/fr\/produit\/bois-depicea\/casier-resineux-sec\/","title":{"rendered":"Casier r\u00e9sineux sec"},"content":{"rendered":"<p>R\u00e9sineux, \u00e0 deux, trois ou quatre faces planes et de section carr\u00e9e ou rectangulaire, il est utilis\u00e9 en menuiserie ou dans la construction de meubles. Les meubles en bois ont une dur\u00e9e de vie plus longue que les autres mat\u00e9riaux, ce qui conf\u00e8re aux pi\u00e8ces design un aspect naturel et distinctif.<\/p>\n","protected":false},"excerpt":{"rendered":"<p>Armoire en bois r\u00e9sineux s\u00e9ch\u00e9 de diff\u00e9rentes tailles. Le bois \u00e0 partir duquel l&#8217;armoire est fabriqu\u00e9e a \u00e9t\u00e9 s\u00e9ch\u00e9 \u00e0 la fois au four et dans l&#8217;environnement naturel. Nous disposons d&#8217;armoires de cat\u00e9gorie A et de cat\u00e9gorie B dans une large gamme de bois : planches, armoires, poutres, lattes, etc.  <\/p>\n","protected":false},"featured_media":25371,"comment_status":"closed","ping_status":"closed","template":"","meta":{"_acf_changed":false},"product_brand":[],"product_cat":[1988,2156],"product_tag":[],"class_list":{"0":"post-25531","1":"product","2":"type-product","3":"status-publish","4":"has-post-thumbnail","6":"product_cat-bois-depicea","7":"product_cat-bois-sec","9":"first","10":"instock","11":"taxable","12":"shipping-taxable","13":"purchasable","14":"product-type-variable"},"acf":[],"_links":{"self":[{"href":"https:\/\/enipau.ro\/fr\/wp-json\/wp\/v2\/product\/25531","targetHints":{"allow":["GET"]}}],"collection":[{"href":"https:\/\/enipau.ro\/fr\/wp-json\/wp\/v2\/product"}],"about":[{"href":"https:\/\/enipau.ro\/fr\/wp-json\/wp\/v2\/types\/product"}],"replies":[{"embeddable":true,"href":"https:\/\/enipau.ro\/fr\/wp-json\/wp\/v2\/comments?post=25531"}],"wp:featuredmedia":[{"embeddable":true,"href":"https:\/\/enipau.ro\/fr\/wp-json\/wp\/v2\/media\/25371"}],"wp:attachment":[{"href":"https:\/\/enipau.ro\/fr\/wp-json\/wp\/v2\/media?parent=25531"}],"wp:term":[{"taxonomy":"product_brand","embeddable":true,"href":"https:\/\/enipau.ro\/fr\/wp-json\/wp\/v2\/product_brand?post=25531"},{"taxonomy":"product_cat","embeddable":true,"href":"https:\/\/enipau.ro\/fr\/wp-json\/wp\/v2\/product_cat?post=25531"},{"taxonomy":"product_tag","embeddable":true,"href":"https:\/\/enipau.ro\/fr\/wp-json\/wp\/v2\/product_tag?post=25531"}],"curies":[{"name":"wp","href":"https:\/\/api.w.org\/{rel}","templated":true}]}}