{"id":25534,"date":"2020-04-26T09:32:03","date_gmt":"2020-04-26T09:32:03","guid":{"rendered":"https:\/\/enipau.ro\/produs\/uncategorized\/lambris-resineux-natur\/"},"modified":"2020-04-26T09:32:03","modified_gmt":"2020-04-26T09:32:03","slug":"lambris-resineux-natur","status":"publish","type":"product","link":"https:\/\/enipau.ro\/fr\/produit\/lambris-exterieur\/lambris-resineux-natur\/","title":{"rendered":"Lambris R\u00e9sineux Natur"},"content":{"rendered":"<p>Les lambris peuvent \u00eatre utilis\u00e9s pour l&#8217;habillage horizontal et vertical d&#8217;\u00e9l\u00e9ments de construction, pour le rev\u00eatement des avant-toits, pour les terrasses, les gloriettes, ainsi que pour les parois des cabanes en bois.<\/p>\n<p>Le bois pr\u00e9sente de nombreux avantages esth\u00e9tiques et pratiques. Il peut \u00eatre color\u00e9 selon vos pr\u00e9f\u00e9rences, il peut \u00eatre utilis\u00e9 horizontalement ou verticalement, mais il pr\u00e9sente \u00e9galement des avantages pratiques tels qu&#8217;un confort thermique et une durabilit\u00e9 accrus. Ils sont s\u00e9ch\u00e9s dans des conditions optimales, rabot\u00e9s et trait\u00e9s sur demande avec une couche de cire et deux couches de vernis Millesi, non compris dans le prix.<\/p>\n","protected":false},"excerpt":{"rendered":"<p>Nous proposons des lambris en r\u00e9sine naturelle de 18, 20 et 40 mm avec des Assemblages rainure et languette sur les c\u00f4t\u00e9s. Nos lambris sont secs, finis, de qualit\u00e9 A et exempts de n\u0153uds. Ils sont s\u00e9ch\u00e9s, rabot\u00e9s et frais\u00e9s de mani\u00e8re optimale, pr\u00eats \u00e0 \u00eatre pos\u00e9s et peints. Le bois est trait\u00e9 antiseptiquement pour \u00e9liminer les parasites et le traitement garantit une consommation de mat\u00e9riau qui assure la protection de la surface.   <\/p>\n","protected":false},"featured_media":25535,"comment_status":"closed","ping_status":"closed","template":"","meta":{"_acf_changed":false},"product_brand":[],"product_cat":[2038,1923],"product_tag":[],"class_list":{"0":"post-25534","1":"product","2":"type-product","3":"status-publish","4":"has-post-thumbnail","6":"product_cat-lambris-en-bois-resineux-brut","7":"product_cat-lambris-exterieur","9":"first","10":"instock","11":"taxable","12":"shipping-taxable","13":"purchasable","14":"product-type-variable"},"acf":[],"_links":{"self":[{"href":"https:\/\/enipau.ro\/fr\/wp-json\/wp\/v2\/product\/25534","targetHints":{"allow":["GET"]}}],"collection":[{"href":"https:\/\/enipau.ro\/fr\/wp-json\/wp\/v2\/product"}],"about":[{"href":"https:\/\/enipau.ro\/fr\/wp-json\/wp\/v2\/types\/product"}],"replies":[{"embeddable":true,"href":"https:\/\/enipau.ro\/fr\/wp-json\/wp\/v2\/comments?post=25534"}],"wp:featuredmedia":[{"embeddable":true,"href":"https:\/\/enipau.ro\/fr\/wp-json\/wp\/v2\/media\/25535"}],"wp:attachment":[{"href":"https:\/\/enipau.ro\/fr\/wp-json\/wp\/v2\/media?parent=25534"}],"wp:term":[{"taxonomy":"product_brand","embeddable":true,"href":"https:\/\/enipau.ro\/fr\/wp-json\/wp\/v2\/product_brand?post=25534"},{"taxonomy":"product_cat","embeddable":true,"href":"https:\/\/enipau.ro\/fr\/wp-json\/wp\/v2\/product_cat?post=25534"},{"taxonomy":"product_tag","embeddable":true,"href":"https:\/\/enipau.ro\/fr\/wp-json\/wp\/v2\/product_tag?post=25534"}],"curies":[{"name":"wp","href":"https:\/\/api.w.org\/{rel}","templated":true}]}}