{"id":25537,"date":"2020-05-10T10:14:47","date_gmt":"2020-05-10T10:14:47","guid":{"rendered":"https:\/\/enipau.ro\/produs\/uncategorized\/planche-de-hetre-seche\/"},"modified":"2020-05-10T10:14:47","modified_gmt":"2020-05-10T10:14:47","slug":"planche-de-hetre-seche","status":"publish","type":"product","link":"https:\/\/enipau.ro\/fr\/produit\/bois-sec\/planche-de-hetre-seche\/","title":{"rendered":"Planche de h\u00eatre s\u00e9ch\u00e9"},"content":{"rendered":"<p>Le h\u00eatre est dur et tenace, r\u00e9sistant \u00e0 la pression. Il pr\u00e9sente des tensions internes, ce qui entra\u00eene des fissures internes d\u00e8s qu&#8217;il est abattu, car il a tendance \u00e0 se fendre et \u00e0 se d\u00e9former facilement. Propri\u00e9t\u00e9s m\u00e9caniques moyennes, se manipule bien et facilement avec tous les outils, se d\u00e9fibre facilement, peu durable en cas de faible humidit\u00e9. Peut \u00eatre coup\u00e9 et d\u00e9roul\u00e9. R\u00e9pond bien au rabotage, au tournage et \u00e0 la finition.<\/p>\n","protected":false},"excerpt":{"rendered":"<p>Le bois de h\u00eatre \u00e0 partir duquel les planches sont fabriqu\u00e9es a \u00e9t\u00e9 s\u00e9ch\u00e9 au four. Nous proposons des planches non trait\u00e9es de cat\u00e9gorie A et de cat\u00e9gorie B. Il est utilis\u00e9 comme mati\u00e8re premi\u00e8re pour la fabrication de portes, de fen\u00eatres, d&#8217;armoires, de tables, de chaises, etc. Il peut \u00e9galement \u00eatre utilis\u00e9 pour le traitement de divers objets en bois dans les ateliers de menuiserie.  <\/p>\n","protected":false},"featured_media":25541,"comment_status":"closed","ping_status":"closed","template":"","meta":{"_acf_changed":false},"product_brand":[],"product_cat":[2156],"product_tag":[],"class_list":{"0":"post-25537","1":"product","2":"type-product","3":"status-publish","4":"has-post-thumbnail","6":"product_cat-bois-sec","8":"first","9":"instock","10":"taxable","11":"shipping-taxable","12":"purchasable","13":"product-type-simple"},"acf":[],"_links":{"self":[{"href":"https:\/\/enipau.ro\/fr\/wp-json\/wp\/v2\/product\/25537","targetHints":{"allow":["GET"]}}],"collection":[{"href":"https:\/\/enipau.ro\/fr\/wp-json\/wp\/v2\/product"}],"about":[{"href":"https:\/\/enipau.ro\/fr\/wp-json\/wp\/v2\/types\/product"}],"replies":[{"embeddable":true,"href":"https:\/\/enipau.ro\/fr\/wp-json\/wp\/v2\/comments?post=25537"}],"wp:featuredmedia":[{"embeddable":true,"href":"https:\/\/enipau.ro\/fr\/wp-json\/wp\/v2\/media\/25541"}],"wp:attachment":[{"href":"https:\/\/enipau.ro\/fr\/wp-json\/wp\/v2\/media?parent=25537"}],"wp:term":[{"taxonomy":"product_brand","embeddable":true,"href":"https:\/\/enipau.ro\/fr\/wp-json\/wp\/v2\/product_brand?post=25537"},{"taxonomy":"product_cat","embeddable":true,"href":"https:\/\/enipau.ro\/fr\/wp-json\/wp\/v2\/product_cat?post=25537"},{"taxonomy":"product_tag","embeddable":true,"href":"https:\/\/enipau.ro\/fr\/wp-json\/wp\/v2\/product_tag?post=25537"}],"curies":[{"name":"wp","href":"https:\/\/api.w.org\/{rel}","templated":true}]}}