{"id":25547,"date":"2020-05-10T10:26:08","date_gmt":"2020-05-10T10:26:08","guid":{"rendered":"https:\/\/enipau.ro\/produs\/uncategorized\/hetre-seche\/"},"modified":"2020-05-10T10:26:08","modified_gmt":"2020-05-10T10:26:08","slug":"hetre-seche","status":"publish","type":"product","link":"https:\/\/enipau.ro\/fr\/produit\/bois-sec\/hetre-seche\/","title":{"rendered":"H\u00eatre s\u00e9ch\u00e9"},"content":{"rendered":"<p>Le h\u00eatre se pr\u00eate bien au rabotage, au tournage et \u00e0 la finition. Il se pr\u00eate bien \u00e0 l&#8217;encollage et \u00e0 la finition par peinture ou vernissage. Il est utilis\u00e9 pour les \u00e9l\u00e9ments \u00e0 haute r\u00e9sistance dans les b\u00e2timents temporaires, les piliers et les supports, le placage, dans l&#8217;industrie du meuble, en particulier les \u00e9l\u00e9ments courb\u00e9s. Il peut \u00e9galement \u00eatre utilis\u00e9 pour le traitement de divers objets en bois dans les ateliers de menuiserie.<\/p>\n","protected":false},"excerpt":{"rendered":"<p>Enipau fabrique et vend des armoires en h\u00eatre s\u00e9ch\u00e9, non verni, de diff\u00e9rentes tailles. Le bois \u00e0 partir duquel l&#8217;armoire est fabriqu\u00e9e a \u00e9t\u00e9 s\u00e9ch\u00e9 au four. Nous proposons des armoires non vernies, de cat\u00e9gorie A et de cat\u00e9gorie B.  <\/p>\n","protected":false},"featured_media":25552,"comment_status":"closed","ping_status":"closed","template":"","meta":{"_acf_changed":false},"product_brand":[],"product_cat":[2156],"product_tag":[],"class_list":{"0":"post-25547","1":"product","2":"type-product","3":"status-publish","4":"has-post-thumbnail","6":"product_cat-bois-sec","8":"first","9":"instock","10":"taxable","11":"shipping-taxable","12":"purchasable","13":"product-type-simple"},"acf":[],"_links":{"self":[{"href":"https:\/\/enipau.ro\/fr\/wp-json\/wp\/v2\/product\/25547","targetHints":{"allow":["GET"]}}],"collection":[{"href":"https:\/\/enipau.ro\/fr\/wp-json\/wp\/v2\/product"}],"about":[{"href":"https:\/\/enipau.ro\/fr\/wp-json\/wp\/v2\/types\/product"}],"replies":[{"embeddable":true,"href":"https:\/\/enipau.ro\/fr\/wp-json\/wp\/v2\/comments?post=25547"}],"wp:featuredmedia":[{"embeddable":true,"href":"https:\/\/enipau.ro\/fr\/wp-json\/wp\/v2\/media\/25552"}],"wp:attachment":[{"href":"https:\/\/enipau.ro\/fr\/wp-json\/wp\/v2\/media?parent=25547"}],"wp:term":[{"taxonomy":"product_brand","embeddable":true,"href":"https:\/\/enipau.ro\/fr\/wp-json\/wp\/v2\/product_brand?post=25547"},{"taxonomy":"product_cat","embeddable":true,"href":"https:\/\/enipau.ro\/fr\/wp-json\/wp\/v2\/product_cat?post=25547"},{"taxonomy":"product_tag","embeddable":true,"href":"https:\/\/enipau.ro\/fr\/wp-json\/wp\/v2\/product_tag?post=25547"}],"curies":[{"name":"wp","href":"https:\/\/api.w.org\/{rel}","templated":true}]}}